{"id":1098,"date":"2025-07-04T18:58:23","date_gmt":"2025-07-04T18:58:23","guid":{"rendered":"https:\/\/neisky.ca\/?page_id=1098"},"modified":"2025-08-05T03:28:21","modified_gmt":"2025-08-05T03:28:21","slug":"elementor-1098","status":"publish","type":"page","link":"https:\/\/neisky.ca\/?page_id=1098&lang=fr","title":{"rendered":"About_US_FR"},"content":{"rendered":"\t\t<div data-elementor-type=\"wp-page\" data-elementor-id=\"1098\" class=\"elementor elementor-1098\">\n\t\t\t\t\t\t<section class=\"elementor-section elementor-top-section elementor-element elementor-element-7d78abb elementor-section-full_width elementor-section-height-default elementor-section-height-default\" data-id=\"7d78abb\" data-element_type=\"section\" data-e-type=\"section\">\n\t\t\t\t\t\t<div class=\"elementor-container elementor-column-gap-no\">\n\t\t\t\t\t<div class=\"elementor-column elementor-col-100 elementor-top-column elementor-element elementor-element-7baaa93\" data-id=\"7baaa93\" data-element_type=\"column\" data-e-type=\"column\">\n\t\t\t<div class=\"elementor-widget-wrap elementor-element-populated\">\n\t\t\t\t\t\t<div class=\"elementor-element elementor-element-c890659 elementor-widget elementor-widget-artem-started-section\" data-id=\"c890659\" data-element_type=\"widget\" data-e-type=\"widget\" data-widget_type=\"artem-started-section.default\">\n\t\t\t\t<div class=\"elementor-widget-container\">\n\t\t\t\t\t\n\t\t<!-- Intro -->\n\t\t\t\t<header class=\"header-page header-fullscreen header-page--gutterBottom overlay overlay--45 js-image jarallax\" data-image=\"https:\/\/neisky.ca\/wp-content\/uploads\/2022\/03\/neisky-e-commerce-expert-marketing-canada.jpg\">\n\t\t\t\t\t<div class=\"header-page__container-fluid align-items-end js-opacity\">\n\t\t\t\t<div class=\"row no-gutters\">\n\t\t\t\t\t\t\t\t\t\t\t\t\t\t\t<div class=\"col-md-12 col-lg-6 text-lg-right\">\n\t\t\t\t\t\t<a class=\"btn-link btn-link--circle-right\" href=\"#story-start\">\n\t\t\t\t\t\t\t<span >\n\t\t\t\t\t\t\t\tTHE STORY\t\t\t\t\t\t\t<\/span>\n\t\t\t\t\t\t\t<i class=\"circle circle--white circle--right icon-down-open\"><\/i>\n\t\t\t\t\t\t<\/a>\n\t\t\t\t\t<\/div>\n\t\t\t\t\t\t\t\t\t<\/div>\n\t\t\t<\/div>\n\t\t<\/header>\n\t    <!-- \/Intro -->\n\n\t\t\t\t\t\t<\/div>\n\t\t\t\t<\/div>\n\t\t\t\t\t<\/div>\n\t\t<\/div>\n\t\t\t\t\t<\/div>\n\t\t<\/section>\n\t\t\t\t<section class=\"elementor-section elementor-top-section elementor-element elementor-element-dbebd99 elementor-section-full_width elementor-section-height-default elementor-section-height-default\" data-id=\"dbebd99\" data-element_type=\"section\" data-e-type=\"section\" id=\"story-start\">\n\t\t\t\t\t\t<div class=\"elementor-container elementor-column-gap-no\">\n\t\t\t\t\t<div class=\"elementor-column elementor-col-100 elementor-top-column elementor-element elementor-element-de1c2e1\" data-id=\"de1c2e1\" data-element_type=\"column\" data-e-type=\"column\">\n\t\t\t<div class=\"elementor-widget-wrap elementor-element-populated\">\n\t\t\t\t\t\t<section class=\"elementor-section elementor-inner-section elementor-element elementor-element-9376bb2 elementor-section-full_width elementor-section-height-default elementor-section-height-default\" data-id=\"9376bb2\" data-element_type=\"section\" data-e-type=\"section\">\n\t\t\t\t\t\t<div class=\"elementor-container elementor-column-gap-no\">\n\t\t\t\t\t<div class=\"elementor-column elementor-col-100 elementor-inner-column elementor-element elementor-element-15e828b\" data-id=\"15e828b\" data-element_type=\"column\" data-e-type=\"column\">\n\t\t\t<div class=\"elementor-widget-wrap elementor-element-populated\">\n\t\t\t\t\t\t<div class=\"elementor-element elementor-element-1cec353 elementor-align-left elementor-widget elementor-widget-artem-about-headings\" data-id=\"1cec353\" data-element_type=\"widget\" data-e-type=\"widget\" data-widget_type=\"artem-about-headings.default\">\n\t\t\t\t<div class=\"elementor-widget-container\">\n\t\t\t\t\t\n        <!-- Heading -->\n        <article class=\"caption-single container\">\n\t        <div class=\"row\">\n\t        \t\t\t\t    <div class=\"col-12 col-lg-3\">\n\t\t\t\t    <h4 class=\"title title--overhead js-lines\">\n\t\t\t\t    \t<span >L&#039;HISTOIRE<\/span>\n\t\t\t\t    <\/h4>\n\t\t\t\t<\/div>\n\t\t\t\t\t\t\t\t<div class=\"col-12 col-lg-9\">\n\t\t\t\t\t\t\t\t\t\t<h2 class=\"title title--h4 js-lines\">\n\t\t\t\t\t\t<span >\u00ab\u00a0Les gens n'ach\u00e8tent pas ce que vous faites\u00a0; ils ach\u00e8tent pourquoi vous le faites. Et ce que vous faites prouve simplement ce en quoi vous croyez.\u00a0\u00bb\n\u2015 Simon Sinek<\/span>\n\t\t\t\t\t<\/h2>\n\t\t\t\t\t\t\t\t\t\t\t\t\t\t\t<div class=\"description noGutters-Bottom js-block\">\n\t\t\t\t\t    <div class=\"paragraph noGutters-Bottom\">\n\t\t\t\t\t    \t<div ><p>Depuis 2015, je joue un r\u00f4le essentiel dans la croissance des marques et l'expansion des cat\u00e9gories sur Amazon, en m'appuyant sur une expertise approfondie d'Amazon FBA et de Vendor Central sur de nombreux march\u00e9s internationaux et aupr\u00e8s d'autres grandes enseignes comme Walmart, BestBuy, Target, TikTok, eBay, etc. J'ai lanc\u00e9 plusieurs marques de A \u00e0 Z et je suis r\u00e9guli\u00e8rement sollicit\u00e9 par les entreprises pour mes plans d'action strat\u00e9giques de commerce \u00e9lectronique visant \u00e0 acc\u00e9l\u00e9rer la croissance d'Amazon et les ventes directes aux consommateurs par l'interm\u00e9diaire de Shopify, Woocommerce et d'autres plateformes.<\/p><p>J'ai g\u00e9r\u00e9 des budgets publicitaires importants et collabor\u00e9 avec des marques mondialement reconnues telles que JBL, Sennheiser, Sunbeam, Focusrite, Marshall, Harman Kardon, Lole, Yvonne Marie et Johnson Level, entre autres. J'ai aussi obtenu plusieurs certifications Amazon, ce qui t\u00e9moigne de mon expertise et de mon engagement envers l'excellence. Mon exp\u00e9rience pratique et mon approche ax\u00e9e sur les r\u00e9sultats ont constamment permis \u00e0 nos clients de b\u00e9n\u00e9ficier d'un succ\u00e8s mesurable pour d\u00e9velopper leur pr\u00e9sence et leurs ventes en ligne.<\/p><\/div>\n\t\t\t\t\t    <\/div>\n\t\t\t\t    <\/div>\n\t\t\t\t    \t\t\t\t<\/div>\n\t\t\t<\/div>\n\t\t<\/article>\n\n\t\t\t\t\t\t<\/div>\n\t\t\t\t<\/div>\n\t\t\t\t\t<\/div>\n\t\t<\/div>\n\t\t\t\t\t<\/div>\n\t\t<\/section>\n\t\t\t\t\t<\/div>\n\t\t<\/div>\n\t\t\t\t\t<\/div>\n\t\t<\/section>\n\t\t\t\t<section class=\"elementor-section elementor-top-section elementor-element elementor-element-476ebdc elementor-section-full_width elementor-section-height-default elementor-section-height-default\" data-id=\"476ebdc\" data-element_type=\"section\" data-e-type=\"section\">\n\t\t\t\t\t\t<div class=\"elementor-container elementor-column-gap-no\">\n\t\t\t\t\t<div class=\"elementor-column elementor-col-100 elementor-top-column elementor-element elementor-element-c7989e7\" data-id=\"c7989e7\" data-element_type=\"column\" data-e-type=\"column\">\n\t\t\t<div class=\"elementor-widget-wrap elementor-element-populated\">\n\t\t\t\t\t\t<section class=\"elementor-section elementor-inner-section elementor-element elementor-element-46a1098 elementor-section-full_width elementor-section-height-default elementor-section-height-default\" data-id=\"46a1098\" data-element_type=\"section\" data-e-type=\"section\">\n\t\t\t\t\t\t<div class=\"elementor-container elementor-column-gap-no\">\n\t\t\t\t\t<div class=\"elementor-column elementor-col-100 elementor-inner-column elementor-element elementor-element-20a47d4\" data-id=\"20a47d4\" data-element_type=\"column\" data-e-type=\"column\">\n\t\t\t<div class=\"elementor-widget-wrap elementor-element-populated\">\n\t\t\t\t\t\t<div class=\"elementor-element elementor-element-d7cff96 elementor-align-left elementor-widget elementor-widget-artem-about-headings\" data-id=\"d7cff96\" data-element_type=\"widget\" data-e-type=\"widget\" data-widget_type=\"artem-about-headings.default\">\n\t\t\t\t<div class=\"elementor-widget-container\">\n\t\t\t\t\t\n        <!-- Heading -->\n        <article class=\"caption-single container\">\n\t        <div class=\"row\">\n\t        \t\t\t\t    <div class=\"col-12 col-lg-3\">\n\t\t\t\t    <h4 class=\"title title--overhead js-lines\">\n\t\t\t\t    \t<span >Qu&#039;est-ce qu&#039;on fait?<\/span>\n\t\t\t\t    <\/h4>\n\t\t\t\t<\/div>\n\t\t\t\t\t\t\t\t<div class=\"col-12 col-lg-9\">\n\t\t\t\t\t\t\t\t\t\t<h2 class=\"title title--h4 js-lines\">\n\t\t\t\t\t\t<span >\u00ab L'imagination est le moteur. Le contenu est le carburant. Les m\u00e9dias sociaux sont l'autoroute. Le marketing est la feuille de route. Les ventes sont la destination. La culture est le GPS. \u00bb \u2015 Troy Sandidge<\/span>\n\t\t\t\t\t<\/h2>\n\t\t\t\t\t\t\t\t\t\t\t\t\t\t<\/div>\n\t\t\t<\/div>\n\t\t<\/article>\n\n\t\t\t\t\t\t<\/div>\n\t\t\t\t<\/div>\n\t\t\t\t\t<\/div>\n\t\t<\/div>\n\t\t\t\t\t<\/div>\n\t\t<\/section>\n\t\t\t\t\t<\/div>\n\t\t<\/div>\n\t\t\t\t\t<\/div>\n\t\t<\/section>\n\t\t\t\t<section class=\"elementor-section elementor-top-section elementor-element elementor-element-5587f2d elementor-section-full_width elementor-section-height-default elementor-section-height-default\" data-id=\"5587f2d\" data-element_type=\"section\" data-e-type=\"section\">\n\t\t\t\t\t\t<div class=\"elementor-container elementor-column-gap-no\">\n\t\t\t\t\t<div class=\"elementor-column elementor-col-100 elementor-top-column elementor-element elementor-element-824cd07\" data-id=\"824cd07\" data-element_type=\"column\" data-e-type=\"column\">\n\t\t\t<div class=\"elementor-widget-wrap elementor-element-populated\">\n\t\t\t\t\t\t<div class=\"elementor-element elementor-element-a87420f elementor-widget elementor-widget-artem-services-list\" data-id=\"a87420f\" data-element_type=\"widget\" data-e-type=\"widget\" data-widget_type=\"artem-services-list.default\">\n\t\t\t\t<div class=\"elementor-widget-container\">\n\t\t\t\t\t\n\t\t<!-- Services Row -->\n\t\t<article class=\"caption-single container\">\n\t        <div class=\"row\">\n\t        \t<div class=\"col-12 col-lg-9 offset-lg-3 mt-3 mt-sm-0\">\n\t        \t\t<div class=\"row\">\n\t\t        \t\t\t\t\t        \t\t\t\t\t\t\t<div class=\"col-12 col-md-6 col-lg-6\">\n\t\t\t\t\t\t\t\t\t\t\t\t\t\t<h4 class=\"title title--h6\">\n\t\t\t\t\t\t\t\t<span >\n\t\t\t\t\t    \t\t\tSTRAT\u00c9GIE\t\t\t\t\t    \t\t<\/span>\n\t\t\t\t\t\t\t<\/h4>\n\t\t\t\t\t\t\t\t\t\t\t\t\t\t\t\t\t\t\t\t\t\t<div >\n\t\t\t\t\t    \t\t\t<p>Gestion du commerce \u00e9lectronique<br \/>Amazon Vendor Central<br \/>Amazon Seller Central<br \/>Marketing num\u00e9rique<br \/>Gestion des publicit\u00e9s sponsoris\u00e9es (PPC)<br \/>R\u00e9seaux sociaux et Analyse des donn\u00e9es<br \/>Croissance du march\u00e9 mondial<\/p>\t\t\t\t\t    \t\t<\/div>\n\t\t\t\t\t\t\t\t\t\t\t\t\t<\/div>\n\t\t\t\t\t\t\t\t\t\t\t\t<div class=\"col-12 col-md-6 col-lg-6\">\n\t\t\t\t\t\t\t\t\t\t\t\t\t\t<h4 class=\"title title--h6\">\n\t\t\t\t\t\t\t\t<span >\n\t\t\t\t\t    \t\t\tCR\u00c9ATIF ET DESIGN\t\t\t\t\t    \t\t<\/span>\n\t\t\t\t\t\t\t<\/h4>\n\t\t\t\t\t\t\t\t\t\t\t\t\t\t\t\t\t\t\t\t\t\t<div >\n\t\t\t\t\t    \t\t\t<p>Conception Web<br \/>Photographie de produits<br \/>Photographie <em>lifestyle<\/em><br \/>Production vid\u00e9o<br \/>Image de marque et identit\u00e9<br \/>Conception graphique<br \/>SEO<\/p>\t\t\t\t\t    \t\t<\/div>\n\t\t\t\t\t\t\t\t\t\t\t\t\t<\/div>\n\t\t\t\t\t\t\t\t\t\t\t\t\t\t\t\t\t<\/div>\n\t\t\t\t<\/div>\n\t\t\t<\/div>\n\t\t<\/article>\n\t    <!-- \/Service Row -->\n\t\t\n\t\t\t\t\t\t<\/div>\n\t\t\t\t<\/div>\n\t\t\t\t\t<\/div>\n\t\t<\/div>\n\t\t\t\t\t<\/div>\n\t\t<\/section>\n\t\t\t\t<section class=\"elementor-section elementor-top-section elementor-element elementor-element-302e18b elementor-section-full_width elementor-section-height-default elementor-section-height-default\" data-id=\"302e18b\" data-element_type=\"section\" data-e-type=\"section\">\n\t\t\t\t\t\t<div class=\"elementor-container elementor-column-gap-no\">\n\t\t\t\t\t<div class=\"elementor-column elementor-col-100 elementor-top-column elementor-element elementor-element-b2085c8\" data-id=\"b2085c8\" data-element_type=\"column\" data-e-type=\"column\">\n\t\t\t<div class=\"elementor-widget-wrap\">\n\t\t\t\t\t\t\t<\/div>\n\t\t<\/div>\n\t\t\t\t\t<\/div>\n\t\t<\/section>\n\t\t\t\t<section class=\"elementor-section elementor-top-section elementor-element elementor-element-da88f34 elementor-section-full_width elementor-section-height-default elementor-section-height-default\" data-id=\"da88f34\" data-element_type=\"section\" data-e-type=\"section\">\n\t\t\t\t\t\t<div class=\"elementor-container elementor-column-gap-no\">\n\t\t\t\t\t<div class=\"elementor-column elementor-col-100 elementor-top-column elementor-element elementor-element-b9059d6\" data-id=\"b9059d6\" data-element_type=\"column\" data-e-type=\"column\">\n\t\t\t<div class=\"elementor-widget-wrap\">\n\t\t\t\t\t\t\t<\/div>\n\t\t<\/div>\n\t\t\t\t\t<\/div>\n\t\t<\/section>\n\t\t\t\t<section class=\"elementor-section elementor-top-section elementor-element elementor-element-871dfba elementor-section-full_width elementor-section-height-default elementor-section-height-default\" data-id=\"871dfba\" data-element_type=\"section\" data-e-type=\"section\">\n\t\t\t\t\t\t<div class=\"elementor-container elementor-column-gap-no\">\n\t\t\t\t\t<div class=\"elementor-column elementor-col-100 elementor-top-column elementor-element elementor-element-0d621c5\" data-id=\"0d621c5\" data-element_type=\"column\" data-e-type=\"column\">\n\t\t\t<div class=\"elementor-widget-wrap elementor-element-populated\">\n\t\t\t\t\t\t<section class=\"elementor-section elementor-inner-section elementor-element elementor-element-bb12f86 elementor-section-full_width elementor-section-height-default elementor-section-height-default\" data-id=\"bb12f86\" data-element_type=\"section\" data-e-type=\"section\">\n\t\t\t\t\t\t<div class=\"elementor-container elementor-column-gap-no\">\n\t\t\t\t\t<div class=\"elementor-column elementor-col-100 elementor-inner-column elementor-element elementor-element-c3a6e0e\" data-id=\"c3a6e0e\" data-element_type=\"column\" data-e-type=\"column\">\n\t\t\t<div class=\"elementor-widget-wrap elementor-element-populated\">\n\t\t\t\t\t\t<div class=\"elementor-element elementor-element-c06d857 elementor-align-left elementor-widget elementor-widget-artem-about-headings\" data-id=\"c06d857\" data-element_type=\"widget\" data-e-type=\"widget\" data-widget_type=\"artem-about-headings.default\">\n\t\t\t\t<div class=\"elementor-widget-container\">\n\t\t\t\t\t\n        <!-- Heading -->\n        <article class=\"caption-single container\">\n\t        <div class=\"row\">\n\t        \t\t\t\t    <div class=\"col-12 col-lg-3\">\n\t\t\t\t    <h4 class=\"title title--overhead js-lines\">\n\t\t\t\t    \t<span >Clients<\/span>\n\t\t\t\t    <\/h4>\n\t\t\t\t<\/div>\n\t\t\t\t\t\t\t\t<div class=\"col-12 col-lg-9\">\n\t\t\t\t\t\t\t\t\t\t<h2 class=\"title title--h4 js-lines\">\n\t\t\t\t\t\t<span >Quelques-unes des marques qui reconnaissent notre expertise\n<\/span>\n\t\t\t\t\t<\/h2>\n\t\t\t\t\t\t\t\t\t\t\t\t\t\t<\/div>\n\t\t\t<\/div>\n\t\t<\/article>\n\n\t\t\t\t\t\t<\/div>\n\t\t\t\t<\/div>\n\t\t\t\t<div class=\"elementor-element elementor-element-179c85c elementor-widget elementor-widget-artem-partners\" data-id=\"179c85c\" data-element_type=\"widget\" data-e-type=\"widget\" data-widget_type=\"artem-partners.default\">\n\t\t\t\t<div class=\"elementor-widget-container\">\n\t\t\t\t\t\t\t\n\t\t<!-- Partners -->\n\t\t<div class=\"container mt-0 mt-sm-4\">\n\t\t    <div class=\"row brands-wrap\">\n\t\t    \t\t\t    \t\t\t\t    <div class=\"col-6 col-md-4 col-lg-3\">\n\t\t\t\t    \t\t\t\t    <div class=\"item-brand\">\n\t\t\t\t\t    \t\t\t\t\t    <a href=\"https:\/\/neisky.ca\/?page_id=1224&#038;lang=fr\" title=\"Lol\u00eb\">\n\t\t\t\t\t\t\t\t\t\t\t    <img decoding=\"async\" class=\"item-brand__logo\" src=\"https:\/\/neisky.ca\/wp-content\/uploads\/2022\/04\/lole.png\" alt=\"Lol\u00eb\" \/>\n\t\t\t\t\t    \t\t\t\t\t\t<\/a>\n\t\t\t\t\t\t\t\t\t\t\t<\/div>\n\t\t\t\t\t\t\t\t\t<\/div>\n\t\t\t\t\t\t\t    <div class=\"col-6 col-md-4 col-lg-3\">\n\t\t\t\t    \t\t\t\t    <div class=\"item-brand\">\n\t\t\t\t\t    \t\t\t\t\t    <a href=\"https:\/\/neisky.ca\/?page_id=1216&#038;lang=fr\" title=\"Fuller Tool\">\n\t\t\t\t\t\t\t\t\t\t\t    <img decoding=\"async\" class=\"item-brand__logo\" src=\"https:\/\/neisky.ca\/wp-content\/uploads\/2022\/04\/fuller-tool.png\" alt=\"Fuller Tool\" \/>\n\t\t\t\t\t    \t\t\t\t\t\t<\/a>\n\t\t\t\t\t\t\t\t\t\t\t<\/div>\n\t\t\t\t\t\t\t\t\t<\/div>\n\t\t\t\t\t\t\t    <div class=\"col-6 col-md-4 col-lg-3\">\n\t\t\t\t    \t\t\t\t    <div class=\"item-brand\">\n\t\t\t\t\t    \t\t\t\t\t    <a title=\"Johnson Level\">\n\t\t\t\t\t\t\t\t\t\t\t    <img decoding=\"async\" class=\"item-brand__logo\" src=\"https:\/\/neisky.ca\/wp-content\/uploads\/2022\/04\/jlevel.png\" alt=\"Johnson Level\" \/>\n\t\t\t\t\t    \t\t\t\t\t\t<\/a>\n\t\t\t\t\t\t\t\t\t\t\t<\/div>\n\t\t\t\t\t\t\t\t\t<\/div>\n\t\t\t\t\t\t\t    <div class=\"col-6 col-md-4 col-lg-3\">\n\t\t\t\t    \t\t\t\t    <div class=\"item-brand\">\n\t\t\t\t\t    \t\t\t\t\t    <a href=\"https:\/\/neisky.ca\/?page_id=1387\" title=\"Sensei Photo\">\n\t\t\t\t\t\t\t\t\t\t\t    <img decoding=\"async\" class=\"item-brand__logo\" src=\"https:\/\/neisky.ca\/wp-content\/uploads\/2022\/04\/sensei-photo-logo.png\" alt=\"Sensei Photo\" \/>\n\t\t\t\t\t    \t\t\t\t\t\t<\/a>\n\t\t\t\t\t\t\t\t\t\t\t<\/div>\n\t\t\t\t\t\t\t\t\t<\/div>\n\t\t\t\t\t\t\t    <div class=\"col-6 col-md-4 col-lg-3\">\n\t\t\t\t    \t\t\t\t    <div class=\"item-brand\">\n\t\t\t\t\t    \t\t\t\t\t    <a href=\"https:\/\/neisky.ca\/?page_id=1251&#038;lang=fr\" title=\"Yvonne Marie\">\n\t\t\t\t\t\t\t\t\t\t\t    <img decoding=\"async\" class=\"item-brand__logo\" src=\"https:\/\/neisky.ca\/wp-content\/uploads\/2022\/04\/yvonne-marie-logo.png\" alt=\"Yvonne Marie\" \/>\n\t\t\t\t\t    \t\t\t\t\t\t<\/a>\n\t\t\t\t\t\t\t\t\t\t\t<\/div>\n\t\t\t\t\t\t\t\t\t<\/div>\n\t\t\t\t\t\t\t    <div class=\"col-6 col-md-4 col-lg-3\">\n\t\t\t\t    \t\t\t\t    <div class=\"item-brand\">\n\t\t\t\t\t    \t\t\t\t\t    <a title=\"Rogers\">\n\t\t\t\t\t\t\t\t\t\t\t    <img decoding=\"async\" class=\"item-brand__logo\" src=\"https:\/\/neisky.ca\/wp-content\/uploads\/2022\/04\/rogers-media.png\" alt=\"Rogers\" \/>\n\t\t\t\t\t    \t\t\t\t\t\t<\/a>\n\t\t\t\t\t\t\t\t\t\t\t<\/div>\n\t\t\t\t\t\t\t\t\t<\/div>\n\t\t\t\t\t\t\t    <div class=\"col-6 col-md-4 col-lg-3\">\n\t\t\t\t    \t\t\t\t    <div class=\"item-brand\">\n\t\t\t\t\t    \t\t\t\t\t    <a title=\"Buffalo Jeans\">\n\t\t\t\t\t\t\t\t\t\t\t    <img decoding=\"async\" class=\"item-brand__logo\" src=\"https:\/\/neisky.ca\/wp-content\/uploads\/2022\/04\/bjca.png\" alt=\"Buffalo Jeans\" \/>\n\t\t\t\t\t    \t\t\t\t\t\t<\/a>\n\t\t\t\t\t\t\t\t\t\t\t<\/div>\n\t\t\t\t\t\t\t\t\t<\/div>\n\t\t\t\t\t\t\t    <div class=\"col-6 col-md-4 col-lg-3\">\n\t\t\t\t    \t\t\t\t    <div class=\"item-brand\">\n\t\t\t\t\t    \t\t\t\t\t    <a title=\"Unitronic\">\n\t\t\t\t\t\t\t\t\t\t\t    <img decoding=\"async\" class=\"item-brand__logo\" src=\"https:\/\/neisky.ca\/wp-content\/uploads\/2022\/04\/uni.png\" alt=\"Unitronic\" \/>\n\t\t\t\t\t    \t\t\t\t\t\t<\/a>\n\t\t\t\t\t\t\t\t\t\t\t<\/div>\n\t\t\t\t\t\t\t\t\t<\/div>\n\t\t\t\t\t\t\t\t\t\t\t<\/div>\n\t\t<\/div>\n\t\t<!-- \/Partners -->\n\n\t\t\t\t\t\t<\/div>\n\t\t\t\t<\/div>\n\t\t\t\t\t<\/div>\n\t\t<\/div>\n\t\t\t\t\t<\/div>\n\t\t<\/section>\n\t\t\t\t<section class=\"elementor-section elementor-inner-section elementor-element elementor-element-af19b95 elementor-section-full_width elementor-section-height-default elementor-section-height-default\" data-id=\"af19b95\" data-element_type=\"section\" data-e-type=\"section\">\n\t\t\t\t\t\t<div class=\"elementor-container elementor-column-gap-no\">\n\t\t\t\t\t<div class=\"elementor-column elementor-col-100 elementor-inner-column elementor-element elementor-element-5ebb6e6\" data-id=\"5ebb6e6\" data-element_type=\"column\" data-e-type=\"column\">\n\t\t\t<div class=\"elementor-widget-wrap\">\n\t\t\t\t\t\t\t<\/div>\n\t\t<\/div>\n\t\t\t\t\t<\/div>\n\t\t<\/section>\n\t\t\t\t\t<\/div>\n\t\t<\/div>\n\t\t\t\t\t<\/div>\n\t\t<\/section>\n\t\t\t\t<\/div>\n\t\t","protected":false},"excerpt":{"rendered":"<p>THE STORY L&#039;HISTOIRE \u00ab\u00a0Les gens n&#8217;ach\u00e8tent pas ce que vous faites\u00a0; ils ach\u00e8tent pourquoi vous le faites. Et ce que vous faites prouve simplement ce en quoi vous croyez.\u00a0\u00bb \u2015 Simon Sinek Depuis 2015, je joue un r\u00f4le essentiel dans la croissance des marques&#8230; <\/p>\n<div><a href=\"https:\/\/neisky.ca\/?page_id=1098&#038;lang=fr\" class=\"btn-link\">READ MORE<\/a><\/div>\n","protected":false},"author":1,"featured_media":0,"parent":0,"menu_order":0,"comment_status":"closed","ping_status":"closed","template":"template-layout-builder.php","meta":{"footnotes":""},"class_list":["post-1098","page","type-page","status-publish","hentry"],"_links":{"self":[{"href":"https:\/\/neisky.ca\/index.php?rest_route=\/wp\/v2\/pages\/1098","targetHints":{"allow":["GET"]}}],"collection":[{"href":"https:\/\/neisky.ca\/index.php?rest_route=\/wp\/v2\/pages"}],"about":[{"href":"https:\/\/neisky.ca\/index.php?rest_route=\/wp\/v2\/types\/page"}],"author":[{"embeddable":true,"href":"https:\/\/neisky.ca\/index.php?rest_route=\/wp\/v2\/users\/1"}],"replies":[{"embeddable":true,"href":"https:\/\/neisky.ca\/index.php?rest_route=%2Fwp%2Fv2%2Fcomments&post=1098"}],"version-history":[{"count":40,"href":"https:\/\/neisky.ca\/index.php?rest_route=\/wp\/v2\/pages\/1098\/revisions"}],"predecessor-version":[{"id":1438,"href":"https:\/\/neisky.ca\/index.php?rest_route=\/wp\/v2\/pages\/1098\/revisions\/1438"}],"wp:attachment":[{"href":"https:\/\/neisky.ca\/index.php?rest_route=%2Fwp%2Fv2%2Fmedia&parent=1098"}],"curies":[{"name":"wp","href":"https:\/\/api.w.org\/{rel}","templated":true}]}}