{"id":1216,"date":"2025-07-09T19:12:50","date_gmt":"2025-07-09T19:12:50","guid":{"rendered":"https:\/\/neisky.ca\/?page_id=1216"},"modified":"2025-07-10T01:03:25","modified_gmt":"2025-07-10T01:03:25","slug":"fuller-tool-fr","status":"publish","type":"page","link":"https:\/\/neisky.ca\/?page_id=1216&lang=fr","title":{"rendered":"Fuller Tool FR"},"content":{"rendered":"\t\t<div data-elementor-type=\"wp-page\" data-elementor-id=\"1216\" class=\"elementor elementor-1216\">\n\t\t\t\t\t\t<section class=\"elementor-section elementor-top-section elementor-element elementor-element-d984268 elementor-section-full_width elementor-section-height-default elementor-section-height-default\" data-id=\"d984268\" data-element_type=\"section\" data-e-type=\"section\">\n\t\t\t\t\t\t<div class=\"elementor-container elementor-column-gap-no\">\n\t\t\t\t\t<div class=\"elementor-column elementor-col-100 elementor-top-column elementor-element elementor-element-2d8a60a\" data-id=\"2d8a60a\" data-element_type=\"column\" data-e-type=\"column\">\n\t\t\t<div class=\"elementor-widget-wrap elementor-element-populated\">\n\t\t\t\t\t\t<div class=\"elementor-element elementor-element-985754d elementor-widget elementor-widget-artem-started-section\" data-id=\"985754d\" data-element_type=\"widget\" data-e-type=\"widget\" data-widget_type=\"artem-started-section.default\">\n\t\t\t\t<div class=\"elementor-widget-container\">\n\t\t\t\t\t\n\t\t<!-- Intro -->\n\t\t\t\t<header class=\"header-page header-fullscreen header-page--gutterBottom overlay overlay--80 jarallaxVideo\" data-jarallax-video=\"mp4:https:\/\/www.youtube.com\/watch?v=1z3wzgQ8NAw\">\n\t\t\t\t\t<div class=\"header-page__container-fluid align-items-end js-opacity\">\n\t\t\t\t<div class=\"row no-gutters\">\n\t\t\t\t\t\t\t\t\t\t\t\t\t\t\t<div class=\"col-md-12 col-lg-6 text-lg-right\">\n\t\t\t\t\t\t<a class=\"btn-link btn-link--circle-right\" href=\"#story-start\">\n\t\t\t\t\t\t\t<span >\n\t\t\t\t\t\t\t\tTHE STORY\t\t\t\t\t\t\t<\/span>\n\t\t\t\t\t\t\t<i class=\"circle circle--white circle--right icon-down-open\"><\/i>\n\t\t\t\t\t\t<\/a>\n\t\t\t\t\t<\/div>\n\t\t\t\t\t\t\t\t\t<\/div>\n\t\t\t<\/div>\n\t\t<\/header>\n\t    <!-- \/Intro -->\n\n\t\t\t\t\t\t<\/div>\n\t\t\t\t<\/div>\n\t\t\t\t<div class=\"elementor-element elementor-element-a984869 elementor-align-left elementor-widget elementor-widget-artem-about-headings\" data-id=\"a984869\" data-element_type=\"widget\" data-e-type=\"widget\" data-widget_type=\"artem-about-headings.default\">\n\t\t\t\t<div class=\"elementor-widget-container\">\n\t\t\t\t\t\n        <!-- Heading -->\n        <article class=\"caption-single container\">\n\t        <div class=\"row\">\n\t        \t\t\t\t    <div class=\"col-12 col-lg-3\">\n\t\t\t\t    <h4 class=\"title title--overhead js-lines\">\n\t\t\t\t    \t<span >L&#039;HISTOIRE<\/span>\n\t\t\t\t    <\/h4>\n\t\t\t\t<\/div>\n\t\t\t\t\t\t\t\t<div class=\"col-12 col-lg-9\">\n\t\t\t\t\t\t\t\t\t\t<h2 class=\"title title--h4 js-lines\">\n\t\t\t\t\t\t<span >FULLER TOOL<\/span>\n\t\t\t\t\t<\/h2>\n\t\t\t\t\t\t\t\t\t\t\t\t\t\t\t<div class=\"description noGutters-Bottom js-block\">\n\t\t\t\t\t    <div class=\"paragraph noGutters-Bottom\">\n\t\t\t\t\t    \t<div ><p>Depuis 75 ans, les outils \u00e0 main Fuller sont un incontournable dans les bo\u00eetes \u00e0 outils, sur les \u00e9tablis et sur les chantiers au Canada, aux \u00c9tats-Unis et dans le monde entier. En effet, les produits Fuller Tool ont toujours \u00e9t\u00e9 synonymes de qualit\u00e9 et d'innovation, sur lesquelles vous pouvez compter pour un travail bien fait<\/p><\/div>\n\t\t\t\t\t    <\/div>\n\t\t\t\t    <\/div>\n\t\t\t\t    \t\t\t\t<\/div>\n\t\t\t<\/div>\n\t\t<\/article>\n\n\t\t\t\t\t\t<\/div>\n\t\t\t\t<\/div>\n\t\t\t\t\t<\/div>\n\t\t<\/div>\n\t\t\t\t\t<\/div>\n\t\t<\/section>\n\t\t\t\t<section class=\"elementor-section elementor-top-section elementor-element elementor-element-1a5f0e5 elementor-section-full_width elementor-section-height-default elementor-section-height-default\" data-id=\"1a5f0e5\" data-element_type=\"section\" data-e-type=\"section\">\n\t\t\t\t\t\t<div class=\"elementor-container elementor-column-gap-no\">\n\t\t\t\t\t<div class=\"elementor-column elementor-col-100 elementor-top-column elementor-element elementor-element-f754b13\" data-id=\"f754b13\" data-element_type=\"column\" data-e-type=\"column\">\n\t\t\t<div class=\"elementor-widget-wrap elementor-element-populated\">\n\t\t\t\t\t\t<section class=\"elementor-section elementor-inner-section elementor-element elementor-element-daf46a6 elementor-section-full_width elementor-section-height-default elementor-section-height-default\" data-id=\"daf46a6\" data-element_type=\"section\" data-e-type=\"section\">\n\t\t\t\t\t\t<div class=\"elementor-container elementor-column-gap-no\">\n\t\t\t\t\t<div class=\"elementor-column elementor-col-100 elementor-inner-column elementor-element elementor-element-3f54aa2\" data-id=\"3f54aa2\" data-element_type=\"column\" data-e-type=\"column\">\n\t\t\t<div class=\"elementor-widget-wrap\">\n\t\t\t\t\t\t\t<\/div>\n\t\t<\/div>\n\t\t\t\t\t<\/div>\n\t\t<\/section>\n\t\t\t\t\t<\/div>\n\t\t<\/div>\n\t\t\t\t\t<\/div>\n\t\t<\/section>\n\t\t\t\t<section class=\"elementor-section elementor-top-section elementor-element elementor-element-12837a8 elementor-section-full_width elementor-section-height-default elementor-section-height-default\" data-id=\"12837a8\" data-element_type=\"section\" data-e-type=\"section\">\n\t\t\t\t\t\t<div class=\"elementor-container elementor-column-gap-no\">\n\t\t\t\t\t<div class=\"elementor-column elementor-col-100 elementor-top-column elementor-element elementor-element-59b3d04\" data-id=\"59b3d04\" data-element_type=\"column\" data-e-type=\"column\">\n\t\t\t<div class=\"elementor-widget-wrap elementor-element-populated\">\n\t\t\t\t\t\t<section class=\"elementor-section elementor-inner-section elementor-element elementor-element-e7d2d15 elementor-section-full_width elementor-section-height-default elementor-section-height-default\" data-id=\"e7d2d15\" data-element_type=\"section\" data-e-type=\"section\">\n\t\t\t\t\t\t<div class=\"elementor-container elementor-column-gap-no\">\n\t\t\t\t\t<div class=\"elementor-column elementor-col-100 elementor-inner-column elementor-element elementor-element-6a24c1a\" data-id=\"6a24c1a\" data-element_type=\"column\" data-e-type=\"column\">\n\t\t\t<div class=\"elementor-widget-wrap elementor-element-populated\">\n\t\t\t\t\t\t<div class=\"elementor-element elementor-element-54c74bb elementor-align-left elementor-widget elementor-widget-artem-about-headings\" data-id=\"54c74bb\" data-element_type=\"widget\" data-e-type=\"widget\" data-widget_type=\"artem-about-headings.default\">\n\t\t\t\t<div class=\"elementor-widget-container\">\n\t\t\t\t\t\n        <!-- Heading -->\n        <article class=\"caption-single container\">\n\t        <div class=\"row\">\n\t        \t\t\t\t    <div class=\"col-12 col-lg-3\">\n\t\t\t\t    <h4 class=\"title title--overhead js-lines\">\n\t\t\t\t    \t<span >Qu&#039;est-ce que j&#039;ai apport\u00e9 \u00e0 la table?<\/span>\n\t\t\t\t    <\/h4>\n\t\t\t\t<\/div>\n\t\t\t\t\t\t\t\t<div class=\"col-12 col-lg-9\">\n\t\t\t\t\t\t\t\t\t\t<h2 class=\"title title--h4 js-lines\">\n\t\t\t\t\t\t<span >J'ai pu mettre en \u0153uvre une strat\u00e9gie marketing extraordinaire qui a entra\u00een\u00e9 une augmentation substantielle du retour sur investissement gr\u00e2ce \u00e0 une exp\u00e9rience client am\u00e9lior\u00e9e, un trafic de haute qualit\u00e9 et une optimisation du taux de conversion<\/span>\n\t\t\t\t\t<\/h2>\n\t\t\t\t\t\t\t\t\t\t\t\t\t\t\t<div class=\"description noGutters-Bottom js-block\">\n\t\t\t\t\t    <div class=\"paragraph noGutters-Bottom\">\n\t\t\t\t\t    \t<div ><p>G\u00e9rer les comptes vendeurs et fournisseurs Amazon pour les deux marques: Fuller Tool et Johnson Level<br \/>Atteindre les objectifs de vente mensuels et annuels et d\u00e9velopper la marque sur Amazon<br \/>D\u00e9velopper des relations avec les principales \u00e9quipes internes d'Amazon<br \/>Approuver les commandes en gros, n\u00e9gocier les prix, mettre en ligne les nouveaux produits<br \/>G\u00e9rer le budget marketing du commerce \u00e9lectronique<br \/>Offrir des coupons, des promotions et des offres sp\u00e9ciales pendant le Vendredi fou, le Prime Day et plus encore<br \/>G\u00e9n\u00e9rer du trafic externe via les publicit\u00e9s Facebook, Google Ads, YouTube et les m\u00e9dias sociaux<br \/>Concevoir et mettre \u00e0 jour nos boutiques Amazon<br \/>G\u00e9rer les renouvellements de contrats<br \/>Configurer nos pages A+<br \/>Recherche de mots-cl\u00e9s<br \/>Recruter des pigistes pour vous aider \u00e0 cr\u00e9er du contenu: photographes, vid\u00e9astes, r\u00e9dacteurs, designers<\/p><\/div>\n\t\t\t\t\t    <\/div>\n\t\t\t\t    <\/div>\n\t\t\t\t    \t\t\t\t<\/div>\n\t\t\t<\/div>\n\t\t<\/article>\n\n\t\t\t\t\t\t<\/div>\n\t\t\t\t<\/div>\n\t\t\t\t<div class=\"elementor-element elementor-element-4d094a7 elementor-align-left elementor-widget elementor-widget-artem-about-headings\" data-id=\"4d094a7\" data-element_type=\"widget\" data-e-type=\"widget\" data-widget_type=\"artem-about-headings.default\">\n\t\t\t\t<div class=\"elementor-widget-container\">\n\t\t\t\t\t\n        <!-- Heading -->\n        <article class=\"caption-single container\">\n\t        <div class=\"row\">\n\t        \t\t\t\t    <div class=\"col-12 col-lg-3\">\n\t\t\t\t    <h4 class=\"title title--overhead js-lines\">\n\t\t\t\t    \t<span >VID\u00c9OS POUR ECOMMERCE<\/span>\n\t\t\t\t    <\/h4>\n\t\t\t\t<\/div>\n\t\t\t\t\t\t\t\t<div class=\"col-12 col-lg-9\">\n\t\t\t\t\t\t\t\t\t\t<h2 class=\"title title--h4 js-lines\">\n\t\t\t\t\t\t<span >Production vid\u00e9o - \u00e9criture de sc\u00e9nario<\/span>\n\t\t\t\t\t<\/h2>\n\t\t\t\t\t\t\t\t\t\t\t\t\t\t<\/div>\n\t\t\t<\/div>\n\t\t<\/article>\n\n\t\t\t\t\t\t<\/div>\n\t\t\t\t<\/div>\n\t\t\t\t<div class=\"elementor-element elementor-element-6ef6b19 elementor-widget elementor-widget-video\" data-id=\"6ef6b19\" data-element_type=\"widget\" data-e-type=\"widget\" data-settings=\"{&quot;youtube_url&quot;:&quot;https:\\\/\\\/www.youtube.com\\\/watch?v=7_-VRLOg9kA&amp;t=82s&quot;,&quot;video_type&quot;:&quot;youtube&quot;,&quot;controls&quot;:&quot;yes&quot;}\" data-widget_type=\"video.default\">\n\t\t\t\t<div class=\"elementor-widget-container\">\n\t\t\t\t\t\t\t<div class=\"elementor-wrapper elementor-open-inline\">\n\t\t\t<div class=\"elementor-video\"><\/div>\t\t<\/div>\n\t\t\t\t\t\t<\/div>\n\t\t\t\t<\/div>\n\t\t\t\t\t<\/div>\n\t\t<\/div>\n\t\t\t\t\t<\/div>\n\t\t<\/section>\n\t\t\t\t\t<\/div>\n\t\t<\/div>\n\t\t\t\t\t<\/div>\n\t\t<\/section>\n\t\t\t\t<section class=\"elementor-section elementor-top-section elementor-element elementor-element-27c8627 elementor-section-full_width elementor-section-height-default elementor-section-height-default\" data-id=\"27c8627\" data-element_type=\"section\" data-e-type=\"section\">\n\t\t\t\t\t\t<div class=\"elementor-container elementor-column-gap-no\">\n\t\t\t\t\t<div class=\"elementor-column elementor-col-100 elementor-top-column elementor-element elementor-element-2dbcf1c\" data-id=\"2dbcf1c\" data-element_type=\"column\" data-e-type=\"column\">\n\t\t\t<div class=\"elementor-widget-wrap elementor-element-populated\">\n\t\t\t\t\t\t<section class=\"elementor-section elementor-inner-section elementor-element elementor-element-2f91984 elementor-section-full_width elementor-section-height-default elementor-section-height-default\" data-id=\"2f91984\" data-element_type=\"section\" data-e-type=\"section\">\n\t\t\t\t\t\t<div class=\"elementor-container elementor-column-gap-no\">\n\t\t\t\t\t<div class=\"elementor-column elementor-col-100 elementor-inner-column elementor-element elementor-element-f6170de\" data-id=\"f6170de\" data-element_type=\"column\" data-e-type=\"column\">\n\t\t\t<div class=\"elementor-widget-wrap elementor-element-populated\">\n\t\t\t\t\t\t<div class=\"elementor-element elementor-element-ddaf240 elementor-align-left elementor-widget elementor-widget-artem-about-headings\" data-id=\"ddaf240\" data-element_type=\"widget\" data-e-type=\"widget\" data-widget_type=\"artem-about-headings.default\">\n\t\t\t\t<div class=\"elementor-widget-container\">\n\t\t\t\t\t\n        <!-- Heading -->\n        <article class=\"caption-single container\">\n\t        <div class=\"row\">\n\t        \t\t\t\t\t<div class=\"col-12 col-lg-9\">\n\t\t\t\t\t\t\t\t\t\t\t\t\t\t<\/div>\n\t\t\t<\/div>\n\t\t<\/article>\n\n\t\t\t\t\t\t<\/div>\n\t\t\t\t<\/div>\n\t\t\t\t\t<\/div>\n\t\t<\/div>\n\t\t\t\t\t<\/div>\n\t\t<\/section>\n\t\t\t\t<section class=\"elementor-section elementor-inner-section elementor-element elementor-element-15fde27 elementor-section-full_width elementor-section-height-default elementor-section-height-default\" data-id=\"15fde27\" data-element_type=\"section\" data-e-type=\"section\">\n\t\t\t\t\t\t<div class=\"elementor-container elementor-column-gap-no\">\n\t\t\t\t\t<div class=\"elementor-column elementor-col-100 elementor-inner-column elementor-element elementor-element-4c4dcb0\" data-id=\"4c4dcb0\" data-element_type=\"column\" data-e-type=\"column\">\n\t\t\t<div class=\"elementor-widget-wrap elementor-element-populated\">\n\t\t\t\t\t\t<div class=\"elementor-element elementor-element-e8fc91d elementor-align-left elementor-widget elementor-widget-artem-about-headings\" data-id=\"e8fc91d\" data-element_type=\"widget\" data-e-type=\"widget\" data-widget_type=\"artem-about-headings.default\">\n\t\t\t\t<div class=\"elementor-widget-container\">\n\t\t\t\t\t\n        <!-- Heading -->\n        <article class=\"caption-single container\">\n\t        <div class=\"row\">\n\t        \t\t\t\t    <div class=\"col-12 col-lg-3\">\n\t\t\t\t    <h4 class=\"title title--overhead js-lines\">\n\t\t\t\t    \t<span >Ma bo\u00eete \u00e0 outils<\/span>\n\t\t\t\t    <\/h4>\n\t\t\t\t<\/div>\n\t\t\t\t\t\t\t\t<div class=\"col-12 col-lg-9\">\n\t\t\t\t\t\t\t\t\t\t<h2 class=\"title title--h4 js-lines\">\n\t\t\t\t\t\t<span >Logiciels et Technologies<\/span>\n\t\t\t\t\t<\/h2>\n\t\t\t\t\t\t\t\t\t\t\t\t\t\t<\/div>\n\t\t\t<\/div>\n\t\t<\/article>\n\n\t\t\t\t\t\t<\/div>\n\t\t\t\t<\/div>\n\t\t\t\t<div class=\"elementor-element elementor-element-51f1241 elementor-widget elementor-widget-artem-partners\" data-id=\"51f1241\" data-element_type=\"widget\" data-e-type=\"widget\" data-widget_type=\"artem-partners.default\">\n\t\t\t\t<div class=\"elementor-widget-container\">\n\t\t\t\t\t\t\t\n\t\t<!-- Partners -->\n\t\t<div class=\"container mt-0 mt-sm-4\">\n\t\t    <div class=\"row brands-wrap\">\n\t\t    \t\t\t    \t\t\t\t    <div class=\"col-6 col-md-4 col-lg-3\">\n\t\t\t\t    \t\t\t\t    <div class=\"item-brand\">\n\t\t\t\t\t    \t\t\t\t\t    <a title=\"Helium 10\">\n\t\t\t\t\t\t\t\t\t\t\t    <img decoding=\"async\" class=\"item-brand__logo\" src=\"https:\/\/neisky.ca\/wp-content\/uploads\/2023\/10\/helium10-logo.jpg\" alt=\"Helium 10\" \/>\n\t\t\t\t\t    \t\t\t\t\t\t<\/a>\n\t\t\t\t\t\t\t\t\t\t\t<\/div>\n\t\t\t\t\t\t\t\t\t<\/div>\n\t\t\t\t\t\t\t    <div class=\"col-6 col-md-4 col-lg-3\">\n\t\t\t\t    \t\t\t\t    <div class=\"item-brand\">\n\t\t\t\t\t    \t\t\t\t\t    <a title=\"Jungle Scout\">\n\t\t\t\t\t\t\t\t\t\t\t    <img decoding=\"async\" class=\"item-brand__logo\" src=\"https:\/\/neisky.ca\/wp-content\/uploads\/2023\/11\/Jungle-Scout-Logo-800x151.jpg\" alt=\"Jungle Scout\" \/>\n\t\t\t\t\t    \t\t\t\t\t\t<\/a>\n\t\t\t\t\t\t\t\t\t\t\t<\/div>\n\t\t\t\t\t\t\t\t\t<\/div>\n\t\t\t\t\t\t\t    <div class=\"col-6 col-md-4 col-lg-3\">\n\t\t\t\t    \t\t\t\t    <div class=\"item-brand\">\n\t\t\t\t\t    \t\t\t\t\t    <a title=\"WordPress\">\n\t\t\t\t\t\t\t\t\t\t\t    <img decoding=\"async\" class=\"item-brand__logo\" src=\"https:\/\/neisky.ca\/wp-content\/uploads\/2023\/10\/wordpress-logo.jpg\" alt=\"WordPress\" \/>\n\t\t\t\t\t    \t\t\t\t\t\t<\/a>\n\t\t\t\t\t\t\t\t\t\t\t<\/div>\n\t\t\t\t\t\t\t\t\t<\/div>\n\t\t\t\t\t\t\t    <div class=\"col-6 col-md-4 col-lg-3\">\n\t\t\t\t    \t\t\t\t    <div class=\"item-brand\">\n\t\t\t\t\t    \t\t\t\t\t    <a title=\"Adobe Photoshop\">\n\t\t\t\t\t\t\t\t\t\t\t    <img decoding=\"async\" class=\"item-brand__logo\" src=\"https:\/\/neisky.ca\/wp-content\/uploads\/2023\/10\/photoshop-adobe-logo.jpg\" alt=\"Adobe Photoshop\" \/>\n\t\t\t\t\t    \t\t\t\t\t\t<\/a>\n\t\t\t\t\t\t\t\t\t\t\t<\/div>\n\t\t\t\t\t\t\t\t\t<\/div>\n\t\t\t\t\t\t\t    <div class=\"col-6 col-md-4 col-lg-3\">\n\t\t\t\t    \t\t\t\t    <div class=\"item-brand\">\n\t\t\t\t\t    \t\t\t\t\t    <a title=\"Adobe Rush\">\n\t\t\t\t\t\t\t\t\t\t\t    <img decoding=\"async\" class=\"item-brand__logo\" src=\"https:\/\/neisky.ca\/wp-content\/uploads\/2023\/11\/Logo-Adobe-Premiere-Rush-CC-800x192.jpg\" alt=\"Adobe Rush\" \/>\n\t\t\t\t\t    \t\t\t\t\t\t<\/a>\n\t\t\t\t\t\t\t\t\t\t\t<\/div>\n\t\t\t\t\t\t\t\t\t<\/div>\n\t\t\t\t\t\t\t    <div class=\"col-6 col-md-4 col-lg-3\">\n\t\t\t\t    \t\t\t\t    <div class=\"item-brand\">\n\t\t\t\t\t    \t\t\t\t\t    <a title=\"Microsoft Suite \u2013 Excel\">\n\t\t\t\t\t\t\t\t\t\t\t    <img decoding=\"async\" class=\"item-brand__logo\" src=\"https:\/\/neisky.ca\/wp-content\/uploads\/2023\/10\/excel-logo.jpg\" alt=\"Microsoft Suite \u2013 Excel\" \/>\n\t\t\t\t\t    \t\t\t\t\t\t<\/a>\n\t\t\t\t\t\t\t\t\t\t\t<\/div>\n\t\t\t\t\t\t\t\t\t<\/div>\n\t\t\t\t\t\t\t    <div class=\"col-6 col-md-4 col-lg-3\">\n\t\t\t\t    \t\t\t\t    <div class=\"item-brand\">\n\t\t\t\t\t    \t\t\t\t\t    <a title=\"AS400\">\n\t\t\t\t\t\t\t\t\t\t\t    <img decoding=\"async\" class=\"item-brand__logo\" src=\"https:\/\/neisky.ca\/wp-content\/uploads\/2023\/11\/Logo-AS400-IBM-800x146.jpg\" alt=\"AS400\" \/>\n\t\t\t\t\t    \t\t\t\t\t\t<\/a>\n\t\t\t\t\t\t\t\t\t\t\t<\/div>\n\t\t\t\t\t\t\t\t\t<\/div>\n\t\t\t\t\t\t\t    <div class=\"col-6 col-md-4 col-lg-3\">\n\t\t\t\t    \t\t\t\t    <div class=\"item-brand\">\n\t\t\t\t\t    \t\t\t\t\t    <a title=\"Amazon Vendor &amp; Seller Central\">\n\t\t\t\t\t\t\t\t\t\t\t    <img decoding=\"async\" class=\"item-brand__logo\" src=\"https:\/\/neisky.ca\/wp-content\/uploads\/2023\/10\/amazon-logo.jpg\" alt=\"Amazon Vendor &amp; Seller Central\" \/>\n\t\t\t\t\t    \t\t\t\t\t\t<\/a>\n\t\t\t\t\t\t\t\t\t\t\t<\/div>\n\t\t\t\t\t\t\t\t\t<\/div>\n\t\t\t\t\t\t\t\t\t\t\t<\/div>\n\t\t<\/div>\n\t\t<!-- \/Partners -->\n\n\t\t\t\t\t\t<\/div>\n\t\t\t\t<\/div>\n\t\t\t\t\t<\/div>\n\t\t<\/div>\n\t\t\t\t\t<\/div>\n\t\t<\/section>\n\t\t\t\t\t<\/div>\n\t\t<\/div>\n\t\t\t\t\t<\/div>\n\t\t<\/section>\n\t\t\t\t<section class=\"elementor-section elementor-top-section elementor-element elementor-element-970b54a elementor-section-full_width elementor-section-height-default elementor-section-height-default\" data-id=\"970b54a\" data-element_type=\"section\" data-e-type=\"section\">\n\t\t\t\t\t\t<div class=\"elementor-container elementor-column-gap-no\">\n\t\t\t\t\t<div class=\"elementor-column elementor-col-100 elementor-top-column elementor-element elementor-element-293fe15\" data-id=\"293fe15\" data-element_type=\"column\" data-e-type=\"column\">\n\t\t\t<div class=\"elementor-widget-wrap elementor-element-populated\">\n\t\t\t\t\t\t<div class=\"elementor-element elementor-element-e04f48c elementor-align-left elementor-widget elementor-widget-artem-about-headings\" data-id=\"e04f48c\" data-element_type=\"widget\" data-e-type=\"widget\" data-widget_type=\"artem-about-headings.default\">\n\t\t\t\t<div class=\"elementor-widget-container\">\n\t\t\t\t\t\n        <!-- Heading -->\n        <article class=\"caption-single container\">\n\t        <div class=\"row\">\n\t        \t\t\t\t    <div class=\"col-12 col-lg-3\">\n\t\t\t\t    <h4 class=\"title title--overhead js-lines\">\n\t\t\t\t    \t<span >Photographie E-commerce<\/span>\n\t\t\t\t    <\/h4>\n\t\t\t\t<\/div>\n\t\t\t\t\t\t\t\t<div class=\"col-12 col-lg-9\">\n\t\t\t\t\t\t\t\t\t\t<h2 class=\"title title--h4 js-lines\">\n\t\t\t\t\t\t<span >La photographie de produits lifestyle a un impact important sur la reconnaissance de notre marque en se connectant avec notre public<\/span>\n\t\t\t\t\t<\/h2>\n\t\t\t\t\t\t\t\t\t\t\t\t\t\t<\/div>\n\t\t\t<\/div>\n\t\t<\/article>\n\n\t\t\t\t\t\t<\/div>\n\t\t\t\t<\/div>\n\t\t\t\t<div class=\"elementor-element elementor-element-78f5491 elementor-arrows-position-inside elementor-pagination-position-outside elementor-widget elementor-widget-image-carousel\" data-id=\"78f5491\" data-element_type=\"widget\" data-e-type=\"widget\" data-settings=\"{&quot;navigation&quot;:&quot;both&quot;,&quot;autoplay&quot;:&quot;yes&quot;,&quot;pause_on_hover&quot;:&quot;yes&quot;,&quot;pause_on_interaction&quot;:&quot;yes&quot;,&quot;autoplay_speed&quot;:5000,&quot;infinite&quot;:&quot;yes&quot;,&quot;speed&quot;:500}\" data-widget_type=\"image-carousel.default\">\n\t\t\t\t<div class=\"elementor-widget-container\">\n\t\t\t\t\t\t\t<div class=\"elementor-image-carousel-wrapper swiper\" role=\"region\" aria-roledescription=\"carousel\" aria-label=\"Image Carousel\" dir=\"ltr\">\n\t\t\t<div class=\"elementor-image-carousel swiper-wrapper\" aria-live=\"off\">\n\t\t\t\t\t\t\t\t<div class=\"swiper-slide\" role=\"group\" aria-roledescription=\"slide\" aria-label=\"1 of 6\"><figure class=\"swiper-slide-inner\"><img decoding=\"async\" class=\"swiper-slide-image\" src=\"https:\/\/neisky.ca\/wp-content\/uploads\/2022\/03\/FB-Insulation-Knife-1200x800.jpg\" alt=\"e-commerce amazon expert\" \/><\/figure><\/div><div class=\"swiper-slide\" role=\"group\" aria-roledescription=\"slide\" aria-label=\"2 of 6\"><figure class=\"swiper-slide-inner\"><img decoding=\"async\" class=\"swiper-slide-image\" src=\"https:\/\/neisky.ca\/wp-content\/uploads\/2022\/03\/fuller-tool-neisky-e-commerce-expert-marketing-canada-1-1200x800.jpg\" alt=\"fuller-tool-neisky-e-commerce-expert-marketing-canada-1\" \/><\/figure><\/div><div class=\"swiper-slide\" role=\"group\" aria-roledescription=\"slide\" aria-label=\"3 of 6\"><figure class=\"swiper-slide-inner\"><img decoding=\"async\" class=\"swiper-slide-image\" src=\"https:\/\/neisky.ca\/wp-content\/uploads\/2022\/03\/fuller-tool-neisky-e-commerce-expert-marketing-canada-04-1200x800.jpg\" alt=\"fuller-tool-neisky-e-commerce-expert-marketing-canada-04\" \/><\/figure><\/div><div class=\"swiper-slide\" role=\"group\" aria-roledescription=\"slide\" aria-label=\"4 of 6\"><figure class=\"swiper-slide-inner\"><img decoding=\"async\" class=\"swiper-slide-image\" src=\"https:\/\/neisky.ca\/wp-content\/uploads\/2022\/03\/ecommerce-expert-neisky-box-cutter-1200x800.jpg\" alt=\"ecommerce-expert-neisky-box-cutter\" \/><\/figure><\/div><div class=\"swiper-slide\" role=\"group\" aria-roledescription=\"slide\" aria-label=\"5 of 6\"><figure class=\"swiper-slide-inner\"><img decoding=\"async\" class=\"swiper-slide-image\" src=\"https:\/\/neisky.ca\/wp-content\/uploads\/2022\/03\/ecommerce-expert-neisky-tape-measure-1200x800.jpg\" alt=\"ecommerce-expert-neisky-tape-measure\" \/><\/figure><\/div><div class=\"swiper-slide\" role=\"group\" aria-roledescription=\"slide\" aria-label=\"6 of 6\"><figure class=\"swiper-slide-inner\"><img decoding=\"async\" class=\"swiper-slide-image\" src=\"https:\/\/neisky.ca\/wp-content\/uploads\/2022\/03\/ecommerce-expert-neisky-hand-saw-1200x800.jpg\" alt=\"ecommerce-expert-neisky-hand-saw\" \/><\/figure><\/div>\t\t\t<\/div>\n\t\t\t\t\t\t\t\t\t\t\t\t<div class=\"elementor-swiper-button elementor-swiper-button-prev\" role=\"button\" tabindex=\"0\">\n\t\t\t\t\t\t<i aria-hidden=\"true\" class=\"eicon-chevron-left\"><\/i>\t\t\t\t\t<\/div>\n\t\t\t\t\t<div class=\"elementor-swiper-button elementor-swiper-button-next\" role=\"button\" tabindex=\"0\">\n\t\t\t\t\t\t<i aria-hidden=\"true\" class=\"eicon-chevron-right\"><\/i>\t\t\t\t\t<\/div>\n\t\t\t\t\n\t\t\t\t\t\t\t\t\t<div class=\"swiper-pagination\"><\/div>\n\t\t\t\t\t\t\t\t\t<\/div>\n\t\t\t\t\t\t<\/div>\n\t\t\t\t<\/div>\n\t\t\t\t\t<\/div>\n\t\t<\/div>\n\t\t\t\t\t<\/div>\n\t\t<\/section>\n\t\t\t\t<\/div>\n\t\t","protected":false},"excerpt":{"rendered":"<p>THE STORY L&#039;HISTOIRE FULLER TOOL Depuis 75 ans, les outils \u00e0 main Fuller sont un incontournable dans les bo\u00eetes \u00e0 outils, sur les \u00e9tablis et sur les chantiers au Canada, aux \u00c9tats-Unis et dans le monde entier. En effet, les produits Fuller Tool ont&#8230; <\/p>\n<div><a href=\"https:\/\/neisky.ca\/?page_id=1216&#038;lang=fr\" class=\"btn-link\">READ MORE<\/a><\/div>\n","protected":false},"author":1,"featured_media":0,"parent":0,"menu_order":0,"comment_status":"closed","ping_status":"closed","template":"template-layout-builder.php","meta":{"footnotes":""},"class_list":["post-1216","page","type-page","status-publish","hentry"],"_links":{"self":[{"href":"https:\/\/neisky.ca\/index.php?rest_route=\/wp\/v2\/pages\/1216","targetHints":{"allow":["GET"]}}],"collection":[{"href":"https:\/\/neisky.ca\/index.php?rest_route=\/wp\/v2\/pages"}],"about":[{"href":"https:\/\/neisky.ca\/index.php?rest_route=\/wp\/v2\/types\/page"}],"author":[{"embeddable":true,"href":"https:\/\/neisky.ca\/index.php?rest_route=\/wp\/v2\/users\/1"}],"replies":[{"embeddable":true,"href":"https:\/\/neisky.ca\/index.php?rest_route=%2Fwp%2Fv2%2Fcomments&post=1216"}],"version-history":[{"count":8,"href":"https:\/\/neisky.ca\/index.php?rest_route=\/wp\/v2\/pages\/1216\/revisions"}],"predecessor-version":[{"id":1247,"href":"https:\/\/neisky.ca\/index.php?rest_route=\/wp\/v2\/pages\/1216\/revisions\/1247"}],"wp:attachment":[{"href":"https:\/\/neisky.ca\/index.php?rest_route=%2Fwp%2Fv2%2Fmedia&parent=1216"}],"curies":[{"name":"wp","href":"https:\/\/api.w.org\/{rel}","templated":true}]}}