{"id":1224,"date":"2025-07-09T19:49:07","date_gmt":"2025-07-09T19:49:07","guid":{"rendered":"https:\/\/neisky.ca\/?page_id=1224"},"modified":"2025-07-10T01:24:43","modified_gmt":"2025-07-10T01:24:43","slug":"elementor-1224","status":"publish","type":"page","link":"https:\/\/neisky.ca\/?page_id=1224&lang=fr","title":{"rendered":"La Vie Lol\u00eb"},"content":{"rendered":"<p><img fetchpriority=\"high\" decoding=\"async\" width=\"900\" height=\"707\" src=\"https:\/\/neisky.ca\/wp-content\/uploads\/2022\/03\/marketplace-manager-1024x804.jpg\" alt=\"\" srcset=\"https:\/\/neisky.ca\/wp-content\/uploads\/2022\/03\/marketplace-manager-1024x804.jpg 1024w, https:\/\/neisky.ca\/wp-content\/uploads\/2022\/03\/marketplace-manager-800x628.jpg 800w, https:\/\/neisky.ca\/wp-content\/uploads\/2022\/03\/marketplace-manager-300x235.jpg 300w, https:\/\/neisky.ca\/wp-content\/uploads\/2022\/03\/marketplace-manager-768x603.jpg 768w, https:\/\/neisky.ca\/wp-content\/uploads\/2022\/03\/marketplace-manager-1536x1205.jpg 1536w, https:\/\/neisky.ca\/wp-content\/uploads\/2022\/03\/marketplace-manager-900x706.jpg 900w, https:\/\/neisky.ca\/wp-content\/uploads\/2022\/03\/marketplace-manager.jpg 1900w\" sizes=\"(max-width: 900px) 100vw, 900px\" \/><br \/>\n        <!-- Heading --><\/p>\n<article>\n<h4>\n\t\t\t\t    \tLol\u00eb: Marque Embl\u00e9matique<br \/>\n\t\t\t\t    <\/h4>\n<p>\t\t\t\t\t\tEn 2002, Evelyn Trempe a fond\u00e9 Lol\u00eb apr\u00e8s avoir identifi\u00e9 une p\u00e9nurie de v\u00eatements techniques d&#8217;ext\u00e9rieur pour femmes. Aujourd&#8217;hui, Lol\u00eb est devenue une marque internationale vou\u00e9e \u00e0 la promotion de la pleine conscience et de la consommation responsable<\/p>\n<p>Notre \u00e9quipe a \u00e9t\u00e9 essentielle au succ\u00e8s de la marque sur diverses plateformes en ligne. Notre parcours a commenc\u00e9 avec l&#8217;objectif ambitieux de non seulement maintenir, mais aussi d&#8217;\u00e9tendre la pr\u00e9sence de Lol\u00eb dans le monde en constante \u00e9volution du e-commerce.<\/p>\n<p>Nous \u00e9laborons m\u00e9ticuleusement des strat\u00e9gies de croissance et d&#8217;expansion de nouvelles cat\u00e9gories sur des places de march\u00e9 cl\u00e9s comme Amazon, La Baie d&#8217;Hudson et Faire (vente en gros B2B). En nous concentrant sur une planification strat\u00e9gique \u00e0 long terme, nous avons analys\u00e9 les diff\u00e9rentes activit\u00e9s des places de march\u00e9 et augment\u00e9 le chiffre d&#8217;affaires tout en veillant \u00e0 pr\u00e9server le positionnement haut de gamme de Lol\u00eb. En \u00e9troite collaboration avec les gestionnaires de comptes cl\u00e9s, nous avons mis en place des initiatives de croissance \u00e0 fort impact visant \u00e0 propulser la marque vers de nouveaux sommets.<\/p>\n<p>Dans notre qu\u00eate de succ\u00e8s, nous avons constamment cherch\u00e9 des moyens innovateurs pour rejoindre de nouveaux clients. Cela nous a oblig\u00e9s \u00e0 travailler main dans la main avec les marchands et les marketeurs de commerce \u00e9lectronique de Lol\u00eb, formant ainsi une \u00e9quipe soud\u00e9e et d\u00e9di\u00e9e au d\u00e9veloppement de la marque.<\/p>\n<p>L&#8217;exp\u00e9rience client \u00e9tait une priorit\u00e9 absolue. Nous avons constamment surveill\u00e9 nos niveaux de stock et peaufin\u00e9 cet aspect afin d&#8217;am\u00e9liorer les \u00e9valuations des vendeurs et de surpasser les attentes des clients.<\/p>\n<p>L&#8217;\u00e9laboration et la supervision du calendrier promotionnel ont jou\u00e9 un r\u00f4le essentiel dans la stimulation des ventes et le maintien de la visibilit\u00e9 de la marque. Nous avons soigneusement planifi\u00e9 et ex\u00e9cut\u00e9 les promotions pour captiver notre public.<\/p>\n<p>Notre engagement envers la transparence et les progr\u00e8s s&#8217;est manifest\u00e9 dans les rapports d&#8217;activit\u00e9 mensuels que nous avons transmis r\u00e9guli\u00e8rement \u00e0 nos cadres sup\u00e9rieurs et directeurs. Ces rapports ont permis \u00e0 Lol\u00eb de rester constamment inform\u00e9e de ses performances sur les diff\u00e9rentes places de march\u00e9, aidant ainsi la marque \u00e0 s&#8217;adapter et \u00e0 prosp\u00e9rer dans un environnement de commerce \u00e9lectronique dynamique.<\/p>\n<\/article>\n<p>        <!-- Heading --><\/p>\n<article>\n<h4>\n\t\t\t\t    \tVID\u00c9OS POUR ECOM<br \/>\n\t\t\t\t    <\/h4>\n<h2>\n\t\t\t\t\t\tLa collection Lol\u00eb Swim 2022<br \/>\n\t\t\t\t\t<\/h2>\n<\/article>\n<p>\t\t<iframe title=\"The Lol\u00eb Swim Collection 2022 \/ La nouvelle collection de maillots Lol\u00eb 2022\" width=\"900\" height=\"506\" src=\"https:\/\/www.youtube.com\/embed\/LM_ZAGW-9uI?feature=oembed\" frameborder=\"0\" allow=\"accelerometer; autoplay; clipboard-write; encrypted-media; gyroscope; picture-in-picture; web-share\" referrerpolicy=\"strict-origin-when-cross-origin\" allowfullscreen><\/iframe><\/p>\n","protected":false},"excerpt":{"rendered":"<p>Lol\u00eb: Marque Embl\u00e9matique En 2002, Evelyn Trempe a fond\u00e9 Lol\u00eb apr\u00e8s avoir identifi\u00e9 une p\u00e9nurie de v\u00eatements techniques d&#8217;ext\u00e9rieur pour femmes. Aujourd&#8217;hui, Lol\u00eb est devenue une marque internationale vou\u00e9e \u00e0 la promotion de la pleine conscience et de la consommation responsable Notre \u00e9quipe a&#8230; <\/p>\n<div><a href=\"https:\/\/neisky.ca\/?page_id=1224&#038;lang=fr\" class=\"btn-link\">READ MORE<\/a><\/div>\n","protected":false},"author":1,"featured_media":0,"parent":0,"menu_order":0,"comment_status":"closed","ping_status":"closed","template":"","meta":{"footnotes":""},"class_list":["post-1224","page","type-page","status-publish","hentry"],"_links":{"self":[{"href":"https:\/\/neisky.ca\/index.php?rest_route=\/wp\/v2\/pages\/1224","targetHints":{"allow":["GET"]}}],"collection":[{"href":"https:\/\/neisky.ca\/index.php?rest_route=\/wp\/v2\/pages"}],"about":[{"href":"https:\/\/neisky.ca\/index.php?rest_route=\/wp\/v2\/types\/page"}],"author":[{"embeddable":true,"href":"https:\/\/neisky.ca\/index.php?rest_route=\/wp\/v2\/users\/1"}],"replies":[{"embeddable":true,"href":"https:\/\/neisky.ca\/index.php?rest_route=%2Fwp%2Fv2%2Fcomments&post=1224"}],"version-history":[{"count":14,"href":"https:\/\/neisky.ca\/index.php?rest_route=\/wp\/v2\/pages\/1224\/revisions"}],"predecessor-version":[{"id":1246,"href":"https:\/\/neisky.ca\/index.php?rest_route=\/wp\/v2\/pages\/1224\/revisions\/1246"}],"wp:attachment":[{"href":"https:\/\/neisky.ca\/index.php?rest_route=%2Fwp%2Fv2%2Fmedia&parent=1224"}],"curies":[{"name":"wp","href":"https:\/\/api.w.org\/{rel}","templated":true}]}}