{"id":1553,"date":"2025-08-07T23:21:15","date_gmt":"2025-08-07T23:21:15","guid":{"rendered":"https:\/\/neisky.ca\/?page_id=1553"},"modified":"2025-08-08T21:32:34","modified_gmt":"2025-08-08T21:32:34","slug":"elementor-page-1553","status":"publish","type":"page","link":"https:\/\/neisky.ca\/?page_id=1553","title":{"rendered":"Consultation FR"},"content":{"rendered":"\t\t<div data-elementor-type=\"wp-page\" data-elementor-id=\"1553\" class=\"elementor elementor-1553\">\n\t\t\t\t\t\t<section class=\"elementor-section elementor-top-section elementor-element elementor-element-3fe4aaf8 elementor-section-boxed elementor-section-height-default elementor-section-height-default\" data-id=\"3fe4aaf8\" data-element_type=\"section\" data-e-type=\"section\" data-settings=\"{&quot;background_background&quot;:&quot;classic&quot;}\">\n\t\t\t\t\t\t\t<div class=\"elementor-background-overlay\"><\/div>\n\t\t\t\t\t\t\t<div class=\"elementor-container elementor-column-gap-default\">\n\t\t\t\t\t<div class=\"elementor-column elementor-col-100 elementor-top-column elementor-element elementor-element-5141b37d\" data-id=\"5141b37d\" data-element_type=\"column\" data-e-type=\"column\">\n\t\t\t<div class=\"elementor-widget-wrap elementor-element-populated\">\n\t\t\t\t\t\t<div class=\"elementor-element elementor-element-4739cdcb elementor-widget__width-initial elementor-widget elementor-widget-heading\" data-id=\"4739cdcb\" data-element_type=\"widget\" data-e-type=\"widget\" data-widget_type=\"heading.default\">\n\t\t\t\t<div class=\"elementor-widget-container\">\n\t\t\t\t\t<h2 class=\"elementor-heading-title elementor-size-default\"><span style=\"font-size: 52.8px\">R\u00e9server une consultation gratuite<\/span><\/h2>\t\t\t\t<\/div>\n\t\t\t\t<\/div>\n\t\t\t\t<section class=\"elementor-section elementor-inner-section elementor-element elementor-element-4a8f1b4b elementor-section-boxed elementor-section-height-default elementor-section-height-default\" data-id=\"4a8f1b4b\" data-element_type=\"section\" data-e-type=\"section\">\n\t\t\t\t\t\t<div class=\"elementor-container elementor-column-gap-default\">\n\t\t\t\t\t<div class=\"elementor-column elementor-col-33 elementor-inner-column elementor-element elementor-element-28d3081f\" data-id=\"28d3081f\" data-element_type=\"column\" data-e-type=\"column\">\n\t\t\t<div class=\"elementor-widget-wrap elementor-element-populated\">\n\t\t\t\t\t\t<div class=\"elementor-element elementor-element-391675ab elementor-widget-divider--view-line elementor-widget elementor-widget-divider\" data-id=\"391675ab\" data-element_type=\"widget\" data-e-type=\"widget\" data-widget_type=\"divider.default\">\n\t\t\t\t<div class=\"elementor-widget-container\">\n\t\t\t\t\t\t\t<div class=\"elementor-divider\">\n\t\t\t<span class=\"elementor-divider-separator\">\n\t\t\t\t\t\t<\/span>\n\t\t<\/div>\n\t\t\t\t\t\t<\/div>\n\t\t\t\t<\/div>\n\t\t\t\t\t<\/div>\n\t\t<\/div>\n\t\t\t\t<div class=\"elementor-column elementor-col-33 elementor-inner-column elementor-element elementor-element-bbb46eb\" data-id=\"bbb46eb\" data-element_type=\"column\" data-e-type=\"column\">\n\t\t\t<div class=\"elementor-widget-wrap elementor-element-populated\">\n\t\t\t\t\t\t<div class=\"elementor-element elementor-element-1bb3a093 elementor-widget elementor-widget-heading\" data-id=\"1bb3a093\" data-element_type=\"widget\" data-e-type=\"widget\" data-widget_type=\"heading.default\">\n\t\t\t\t<div class=\"elementor-widget-container\">\n\t\t\t\t\t<h3 class=\"elementor-heading-title elementor-size-default\">Votre nouveau partenaire?<\/h3>\t\t\t\t<\/div>\n\t\t\t\t<\/div>\n\t\t\t\t\t<\/div>\n\t\t<\/div>\n\t\t\t\t<div class=\"elementor-column elementor-col-33 elementor-inner-column elementor-element elementor-element-f3a5df2\" data-id=\"f3a5df2\" data-element_type=\"column\" data-e-type=\"column\">\n\t\t\t<div class=\"elementor-widget-wrap elementor-element-populated\">\n\t\t\t\t\t\t<div class=\"elementor-element elementor-element-18a1b968 elementor-widget-divider--view-line elementor-widget elementor-widget-divider\" data-id=\"18a1b968\" data-element_type=\"widget\" data-e-type=\"widget\" data-widget_type=\"divider.default\">\n\t\t\t\t<div class=\"elementor-widget-container\">\n\t\t\t\t\t\t\t<div class=\"elementor-divider\">\n\t\t\t<span class=\"elementor-divider-separator\">\n\t\t\t\t\t\t<\/span>\n\t\t<\/div>\n\t\t\t\t\t\t<\/div>\n\t\t\t\t<\/div>\n\t\t\t\t\t<\/div>\n\t\t<\/div>\n\t\t\t\t\t<\/div>\n\t\t<\/section>\n\t\t\t\t<div class=\"elementor-element elementor-element-7555bb36 elementor-hidden-phone elementor-widget elementor-widget-image\" data-id=\"7555bb36\" data-element_type=\"widget\" data-e-type=\"widget\" data-widget_type=\"image.default\">\n\t\t\t\t<div class=\"elementor-widget-container\">\n\t\t\t\t\t\t\t\t\t\t\t\t\t\t\t<img fetchpriority=\"high\" decoding=\"async\" width=\"1024\" height=\"1024\" src=\"https:\/\/neisky.ca\/wp-content\/uploads\/2025\/08\/Flux_Schnell_Two_refined_gentlemen_one_with_a_strong_jawline_a_1.jpg\" class=\"attachment-full size-full wp-image-1561\" alt=\"\" srcset=\"https:\/\/neisky.ca\/wp-content\/uploads\/2025\/08\/Flux_Schnell_Two_refined_gentlemen_one_with_a_strong_jawline_a_1.jpg 1024w, https:\/\/neisky.ca\/wp-content\/uploads\/2025\/08\/Flux_Schnell_Two_refined_gentlemen_one_with_a_strong_jawline_a_1-300x300.jpg 300w, https:\/\/neisky.ca\/wp-content\/uploads\/2025\/08\/Flux_Schnell_Two_refined_gentlemen_one_with_a_strong_jawline_a_1-150x150.jpg 150w, https:\/\/neisky.ca\/wp-content\/uploads\/2025\/08\/Flux_Schnell_Two_refined_gentlemen_one_with_a_strong_jawline_a_1-768x768.jpg 768w, https:\/\/neisky.ca\/wp-content\/uploads\/2025\/08\/Flux_Schnell_Two_refined_gentlemen_one_with_a_strong_jawline_a_1-800x800.jpg 800w, https:\/\/neisky.ca\/wp-content\/uploads\/2025\/08\/Flux_Schnell_Two_refined_gentlemen_one_with_a_strong_jawline_a_1-900x900.jpg 900w, https:\/\/neisky.ca\/wp-content\/uploads\/2025\/08\/Flux_Schnell_Two_refined_gentlemen_one_with_a_strong_jawline_a_1-200x200.jpg 200w\" sizes=\"(max-width: 1024px) 100vw, 1024px\" \/>\t\t\t\t\t\t\t\t\t\t\t\t\t\t\t<\/div>\n\t\t\t\t<\/div>\n\t\t\t\t<section class=\"elementor-section elementor-inner-section elementor-element elementor-element-5b89b859 elementor-section-boxed elementor-section-height-default elementor-section-height-default\" data-id=\"5b89b859\" data-element_type=\"section\" data-e-type=\"section\">\n\t\t\t\t\t\t<div class=\"elementor-container elementor-column-gap-default\">\n\t\t\t\t\t<div class=\"elementor-column elementor-col-50 elementor-inner-column elementor-element elementor-element-7c469864\" data-id=\"7c469864\" data-element_type=\"column\" data-e-type=\"column\">\n\t\t\t<div class=\"elementor-widget-wrap elementor-element-populated\">\n\t\t\t\t\t\t<div class=\"elementor-element elementor-element-3e2a6b23 elementor-widget elementor-widget-image\" data-id=\"3e2a6b23\" data-element_type=\"widget\" data-e-type=\"widget\" data-widget_type=\"image.default\">\n\t\t\t\t<div class=\"elementor-widget-container\">\n\t\t\t\t\t\t\t\t\t\t\t\t\t\t\t<img decoding=\"async\" src=\"https:\/\/neisky.ca\/wp-content\/uploads\/elementor\/thumbs\/pexels-photo-1121797-r9abhc6c4plh6ej2hdz57tob9nff00onzlstvzo3mk.jpeg\" title=\"pexels-photo-1121797.jpeg\" alt=\"pexels-photo-1121797.jpeg\" loading=\"lazy\" \/>\t\t\t\t\t\t\t\t\t\t\t\t\t\t\t<\/div>\n\t\t\t\t<\/div>\n\t\t\t\t<div class=\"elementor-element elementor-element-1740227 elementor-widget elementor-widget-heading\" data-id=\"1740227\" data-element_type=\"widget\" data-e-type=\"widget\" data-widget_type=\"heading.default\">\n\t\t\t\t<div class=\"elementor-widget-container\">\n\t\t\t\t\t<h5 class=\"elementor-heading-title elementor-size-default\">Neisky<\/h5>\t\t\t\t<\/div>\n\t\t\t\t<\/div>\n\t\t\t\t<div class=\"elementor-element elementor-element-2bd7ce8 elementor-widget elementor-widget-heading\" data-id=\"2bd7ce8\" data-element_type=\"widget\" data-e-type=\"widget\" data-widget_type=\"heading.default\">\n\t\t\t\t<div class=\"elementor-widget-container\">\n\t\t\t\t\t<h6 class=\"elementor-heading-title elementor-size-default\">directeur cr\u00e9atif<\/h6>\t\t\t\t<\/div>\n\t\t\t\t<\/div>\n\t\t\t\t<div class=\"elementor-element elementor-element-69847851 elementor-align-center elementor-tablet-align-center elementor-widget elementor-widget-button\" data-id=\"69847851\" data-element_type=\"widget\" data-e-type=\"widget\" data-widget_type=\"button.default\">\n\t\t\t\t<div class=\"elementor-widget-container\">\n\t\t\t\t\t\t\t\t\t<div class=\"elementor-button-wrapper\">\n\t\t\t\t\t<a class=\"elementor-button elementor-button-link elementor-size-md\" href=\"https:\/\/calendly.com\/neisky-info\/30min\">\n\t\t\t\t\t\t<span class=\"elementor-button-content-wrapper\">\n\t\t\t\t\t\t\t\t\t<span class=\"elementor-button-text\">PRENDRE RENDEZ-VOUS<\/span>\n\t\t\t\t\t<\/span>\n\t\t\t\t\t<\/a>\n\t\t\t\t<\/div>\n\t\t\t\t\t\t\t\t<\/div>\n\t\t\t\t<\/div>\n\t\t\t\t\t<\/div>\n\t\t<\/div>\n\t\t\t\t<div class=\"elementor-column elementor-col-50 elementor-inner-column elementor-element elementor-element-45b38c8\" data-id=\"45b38c8\" data-element_type=\"column\" data-e-type=\"column\">\n\t\t\t<div class=\"elementor-widget-wrap elementor-element-populated\">\n\t\t\t\t\t\t<div class=\"elementor-element elementor-element-f865b5a elementor-widget elementor-widget-text-editor\" data-id=\"f865b5a\" data-element_type=\"widget\" data-e-type=\"widget\" data-widget_type=\"text-editor.default\">\n\t\t\t\t<div class=\"elementor-widget-container\">\n\t\t\t\t\t\t\t\t\t<p data-start=\"60\" data-end=\"118\">\ud83d\ude80 <strong>Donnez \u00e0 votre entreprise l\u2019\u00e9lan qu\u2019elle m\u00e9rite!<\/strong><\/p><p data-start=\"120\" data-end=\"461\">R\u00e9servez d\u00e8s aujourd\u2019hui votre consultation strat\u00e9gique gratuite de 15 minutes \u2014 la premi\u00e8re \u00e9tape pour transformer vos ambitions en r\u00e9sultats concrets.<br data-start=\"276\" data-end=\"279\" \/>Ensemble, nous analyserons vos besoins, identifierons vos meilleures opportunit\u00e9s et vous montrerons comment une strat\u00e9gie sur mesure peut propulser vos ventes et votre visibilit\u00e9.<\/p><p data-start=\"463\" data-end=\"689\">C\u2019est aussi l\u2019occasion pour nous de confirmer que nous sommes les partenaires id\u00e9aux pour b\u00e2tir avec vous un projet ambitieux et durable.<br data-start=\"604\" data-end=\"607\" \/>Chaque grand succ\u00e8s commence par une conversation\u2026 la v\u00f4tre commence maintenant.<\/p><p data-start=\"691\" data-end=\"782\">\ud83d\udcc5 <strong>R\u00e9servez votre cr\u00e9neau gratuit et pr\u00e9parez-vous \u00e0 passer \u00e0 la vitesse sup\u00e9rieure!<\/strong><\/p>\t\t\t\t\t\t\t\t<\/div>\n\t\t\t\t<\/div>\n\t\t\t\t<div class=\"elementor-element elementor-element-617dc576 elementor-widget elementor-widget-spacer\" data-id=\"617dc576\" data-element_type=\"widget\" data-e-type=\"widget\" data-widget_type=\"spacer.default\">\n\t\t\t\t<div class=\"elementor-widget-container\">\n\t\t\t\t\t\t\t<div class=\"elementor-spacer\">\n\t\t\t<div class=\"elementor-spacer-inner\"><\/div>\n\t\t<\/div>\n\t\t\t\t\t\t<\/div>\n\t\t\t\t<\/div>\n\t\t\t\t\t<\/div>\n\t\t<\/div>\n\t\t\t\t\t<\/div>\n\t\t<\/section>\n\t\t\t\t\t<\/div>\n\t\t<\/div>\n\t\t\t\t\t<\/div>\n\t\t<\/section>\n\t\t\t\t<\/div>\n\t\t","protected":false},"excerpt":{"rendered":"<p>R\u00e9server une consultation gratuite Votre nouveau partenaire? Neisky directeur cr\u00e9atif PRENDRE RENDEZ-VOUS \ud83d\ude80 Donnez \u00e0 votre entreprise l\u2019\u00e9lan qu\u2019elle m\u00e9rite! R\u00e9servez d\u00e8s aujourd\u2019hui votre consultation strat\u00e9gique gratuite de 15 minutes \u2014 la premi\u00e8re \u00e9tape pour transformer vos ambitions en r\u00e9sultats concrets.Ensemble, nous analyserons vos&#8230; <\/p>\n<div><a href=\"https:\/\/neisky.ca\/?page_id=1553\" class=\"btn-link\">READ MORE<\/a><\/div>\n","protected":false},"author":1,"featured_media":0,"parent":0,"menu_order":0,"comment_status":"closed","ping_status":"closed","template":"elementor_header_footer","meta":{"footnotes":""},"class_list":["post-1553","page","type-page","status-publish","hentry"],"_links":{"self":[{"href":"https:\/\/neisky.ca\/index.php?rest_route=\/wp\/v2\/pages\/1553","targetHints":{"allow":["GET"]}}],"collection":[{"href":"https:\/\/neisky.ca\/index.php?rest_route=\/wp\/v2\/pages"}],"about":[{"href":"https:\/\/neisky.ca\/index.php?rest_route=\/wp\/v2\/types\/page"}],"author":[{"embeddable":true,"href":"https:\/\/neisky.ca\/index.php?rest_route=\/wp\/v2\/users\/1"}],"replies":[{"embeddable":true,"href":"https:\/\/neisky.ca\/index.php?rest_route=%2Fwp%2Fv2%2Fcomments&post=1553"}],"version-history":[{"count":31,"href":"https:\/\/neisky.ca\/index.php?rest_route=\/wp\/v2\/pages\/1553\/revisions"}],"predecessor-version":[{"id":1595,"href":"https:\/\/neisky.ca\/index.php?rest_route=\/wp\/v2\/pages\/1553\/revisions\/1595"}],"wp:attachment":[{"href":"https:\/\/neisky.ca\/index.php?rest_route=%2Fwp%2Fv2%2Fmedia&parent=1553"}],"curies":[{"name":"wp","href":"https:\/\/api.w.org\/{rel}","templated":true}]}}