{"id":712,"date":"2023-10-23T02:44:51","date_gmt":"2023-10-23T02:44:51","guid":{"rendered":"https:\/\/neisky.ca\/?page_id=712"},"modified":"2023-10-23T02:53:13","modified_gmt":"2023-10-23T02:53:13","slug":"elementor-712","status":"publish","type":"page","link":"https:\/\/neisky.ca\/?page_id=712","title":{"rendered":"The Lol\u00eb Life"},"content":{"rendered":"\t\t<div data-elementor-type=\"wp-page\" data-elementor-id=\"712\" class=\"elementor elementor-712\">\n\t\t\t\t\t\t<section class=\"elementor-section elementor-top-section elementor-element elementor-element-3c23f1b elementor-section-boxed elementor-section-height-default elementor-section-height-default\" data-id=\"3c23f1b\" data-element_type=\"section\" data-e-type=\"section\">\n\t\t\t\t\t\t<div class=\"elementor-container elementor-column-gap-default\">\n\t\t\t\t\t<div class=\"elementor-column elementor-col-100 elementor-top-column elementor-element elementor-element-a5c6d02\" data-id=\"a5c6d02\" data-element_type=\"column\" data-e-type=\"column\">\n\t\t\t<div class=\"elementor-widget-wrap\">\n\t\t\t\t\t\t\t<\/div>\n\t\t<\/div>\n\t\t\t\t\t<\/div>\n\t\t<\/section>\n\t\t\t\t<section class=\"elementor-section elementor-top-section elementor-element elementor-element-71cb221 elementor-section-full_width elementor-section-height-default elementor-section-height-default\" data-id=\"71cb221\" data-element_type=\"section\" data-e-type=\"section\">\n\t\t\t\t\t\t<div class=\"elementor-container elementor-column-gap-no\">\n\t\t\t\t\t<div class=\"elementor-column elementor-col-100 elementor-top-column elementor-element elementor-element-22edc7c\" data-id=\"22edc7c\" data-element_type=\"column\" data-e-type=\"column\">\n\t\t\t<div class=\"elementor-widget-wrap elementor-element-populated\">\n\t\t\t\t\t\t<section class=\"elementor-section elementor-inner-section elementor-element elementor-element-10fb908 elementor-section-full_width elementor-section-height-default elementor-section-height-default\" data-id=\"10fb908\" data-element_type=\"section\" data-e-type=\"section\">\n\t\t\t\t\t\t<div class=\"elementor-container elementor-column-gap-no\">\n\t\t\t\t\t<div class=\"elementor-column elementor-col-100 elementor-inner-column elementor-element elementor-element-eb3d31b\" data-id=\"eb3d31b\" data-element_type=\"column\" data-e-type=\"column\">\n\t\t\t<div class=\"elementor-widget-wrap elementor-element-populated\">\n\t\t\t\t\t\t<div class=\"elementor-element elementor-element-814ea2f elementor-widget elementor-widget-image\" data-id=\"814ea2f\" data-element_type=\"widget\" data-e-type=\"widget\" data-widget_type=\"image.default\">\n\t\t\t\t<div class=\"elementor-widget-container\">\n\t\t\t\t\t\t\t\t\t\t\t\t\t\t\t<img fetchpriority=\"high\" decoding=\"async\" width=\"900\" height=\"707\" src=\"https:\/\/neisky.ca\/wp-content\/uploads\/2022\/03\/marketplace-manager-1024x804.jpg\" class=\"attachment-large size-large wp-image-318\" alt=\"\" srcset=\"https:\/\/neisky.ca\/wp-content\/uploads\/2022\/03\/marketplace-manager-1024x804.jpg 1024w, https:\/\/neisky.ca\/wp-content\/uploads\/2022\/03\/marketplace-manager-800x628.jpg 800w, https:\/\/neisky.ca\/wp-content\/uploads\/2022\/03\/marketplace-manager-300x235.jpg 300w, https:\/\/neisky.ca\/wp-content\/uploads\/2022\/03\/marketplace-manager-768x603.jpg 768w, https:\/\/neisky.ca\/wp-content\/uploads\/2022\/03\/marketplace-manager-1536x1205.jpg 1536w, https:\/\/neisky.ca\/wp-content\/uploads\/2022\/03\/marketplace-manager-900x706.jpg 900w, https:\/\/neisky.ca\/wp-content\/uploads\/2022\/03\/marketplace-manager.jpg 1900w\" sizes=\"(max-width: 900px) 100vw, 900px\" \/>\t\t\t\t\t\t\t\t\t\t\t\t\t\t\t<\/div>\n\t\t\t\t<\/div>\n\t\t\t\t\t<\/div>\n\t\t<\/div>\n\t\t\t\t\t<\/div>\n\t\t<\/section>\n\t\t\t\t\t<\/div>\n\t\t<\/div>\n\t\t\t\t\t<\/div>\n\t\t<\/section>\n\t\t\t\t<section class=\"elementor-section elementor-top-section elementor-element elementor-element-5bd4c53 elementor-section-full_width elementor-section-height-default elementor-section-height-default\" data-id=\"5bd4c53\" data-element_type=\"section\" data-e-type=\"section\">\n\t\t\t\t\t\t<div class=\"elementor-container elementor-column-gap-no\">\n\t\t\t\t\t<div class=\"elementor-column elementor-col-100 elementor-top-column elementor-element elementor-element-34e1345\" data-id=\"34e1345\" data-element_type=\"column\" data-e-type=\"column\">\n\t\t\t<div class=\"elementor-widget-wrap elementor-element-populated\">\n\t\t\t\t\t\t<section class=\"elementor-section elementor-inner-section elementor-element elementor-element-347ce4b elementor-section-full_width elementor-section-height-default elementor-section-height-default\" data-id=\"347ce4b\" data-element_type=\"section\" data-e-type=\"section\">\n\t\t\t\t\t\t<div class=\"elementor-container elementor-column-gap-no\">\n\t\t\t\t\t<div class=\"elementor-column elementor-col-100 elementor-inner-column elementor-element elementor-element-3b361c7\" data-id=\"3b361c7\" data-element_type=\"column\" data-e-type=\"column\">\n\t\t\t<div class=\"elementor-widget-wrap elementor-element-populated\">\n\t\t\t\t\t\t<div class=\"elementor-element elementor-element-78ee88e elementor-align-left elementor-widget elementor-widget-artem-about-headings\" data-id=\"78ee88e\" data-element_type=\"widget\" data-e-type=\"widget\" data-widget_type=\"artem-about-headings.default\">\n\t\t\t\t<div class=\"elementor-widget-container\">\n\t\t\t\t\t\n        <!-- Heading -->\n        <article class=\"caption-single container\">\n\t        <div class=\"row\">\n\t        \t\t\t\t    <div class=\"col-12 col-lg-3\">\n\t\t\t\t    <h4 class=\"title title--overhead js-lines\">\n\t\t\t\t    \t<span >Lol\u00eb Iconic Brand<\/span>\n\t\t\t\t    <\/h4>\n\t\t\t\t<\/div>\n\t\t\t\t\t\t\t\t<div class=\"col-12 col-lg-9\">\n\t\t\t\t\t\t\t\t\t\t<div class=\"title title--h4 js-lines\">\n\t\t\t\t\t\t<span >In 2002, Evelyn Trempe founded Lol\u00eb after identifying a deficiency in women's technical outerwear. As we fast forward to the present day, Lol\u00eb has transformed into a worldwide brand dedicated to fostering mindfulness and promoting responsible consumption\n<\/span>\n\t\t\t\t\t<\/div>\n\t\t\t\t\t\t\t\t\t\t\t\t\t\t\t<div class=\"description noGutters-Bottom js-block\">\n\t\t\t\t\t    <div class=\"paragraph noGutters-Bottom\">\n\t\t\t\t\t    \t<div ><p><span style=\"font-weight: 400\">Our team played a pivotal role in shaping the brand's success on various online platforms. Our journey began with the ambitious goal of not just maintaining but expanding Lol\u00eb's presence in the ever-evolving world of e-commerce.<\/span><\/p><p><span style=\"font-weight: 400\">We meticulously develop strategies for growth and new category expansion across key marketplaces like Amazon, The Hudson Bay and Faire (B2B Wholesale). With a focus on long-term strategic planning, we analyzed the diverse marketplace businesses and increased revenue while ensuring that Lol\u00eb's premium positioning remained intact. Collaborating closely with key account managers, we hatched high-impact growth initiatives that were aimed at propelling the brand to new heights.<\/span><\/p><p><span style=\"font-weight: 400\">In our pursuit of success, we were constantly seeking innovative ways to reach new customers. This required us to work hand in hand with Lol\u00eb's ecommerce merchandisers and marketers, forming a seamless team dedicated to pushing the brand forward.<\/span><\/p><p><span style=\"font-weight: 400\">Customer experience was a top priority. We continuously monitored our inventory levels and fine-tuned this aspect to enhance seller ratings, striving to exceed customer expectations.<\/span><\/p><p><span style=\"font-weight: 400\">The development and oversight of the promotional calendar played a significant role in driving sales and maintaining brand visibility. We were meticulous in planning and executing promotions to captivate our audience.<\/span><\/p><p><span style=\"font-weight: 400\">Our commitment to transparency and progress was evident in our regular monthly business reviews we provided to our Senior Managers and Directors. These reviews ensured that Lol\u00eb was always in the know about its performance on various marketplaces, helping the brand adapt and thrive in a dynamic e-commerce landscape.<\/span><\/p><\/div>\n\t\t\t\t\t    <\/div>\n\t\t\t\t    <\/div>\n\t\t\t\t    \t\t\t\t<\/div>\n\t\t\t<\/div>\n\t\t<\/article>\n\n\t\t\t\t\t\t<\/div>\n\t\t\t\t<\/div>\n\t\t\t\t<div class=\"elementor-element elementor-element-9b5cc5b elementor-align-left elementor-widget elementor-widget-artem-about-headings\" data-id=\"9b5cc5b\" data-element_type=\"widget\" data-e-type=\"widget\" data-widget_type=\"artem-about-headings.default\">\n\t\t\t\t<div class=\"elementor-widget-container\">\n\t\t\t\t\t\n        <!-- Heading -->\n        <article class=\"caption-single container\">\n\t        <div class=\"row\">\n\t        \t\t\t\t    <div class=\"col-12 col-lg-3\">\n\t\t\t\t    <h4 class=\"title title--overhead js-lines\">\n\t\t\t\t    \t<span >VIDEOS FOR ECOM<\/span>\n\t\t\t\t    <\/h4>\n\t\t\t\t<\/div>\n\t\t\t\t\t\t\t\t<div class=\"col-12 col-lg-9\">\n\t\t\t\t\t\t\t\t\t\t<h2 class=\"title title--h4 js-lines\">\n\t\t\t\t\t\t<span >The Lol\u00eb Swim Collection 2022<\/span>\n\t\t\t\t\t<\/h2>\n\t\t\t\t\t\t\t\t\t\t\t\t\t\t<\/div>\n\t\t\t<\/div>\n\t\t<\/article>\n\n\t\t\t\t\t\t<\/div>\n\t\t\t\t<\/div>\n\t\t\t\t<div class=\"elementor-element elementor-element-766f0b2 elementor-widget elementor-widget-video\" data-id=\"766f0b2\" data-element_type=\"widget\" data-e-type=\"widget\" data-settings=\"{&quot;youtube_url&quot;:&quot;https:\\\/\\\/www.youtube.com\\\/watch?v=LM_ZAGW-9uI&quot;,&quot;video_type&quot;:&quot;youtube&quot;,&quot;controls&quot;:&quot;yes&quot;}\" data-widget_type=\"video.default\">\n\t\t\t\t<div class=\"elementor-widget-container\">\n\t\t\t\t\t\t\t<div class=\"elementor-wrapper elementor-open-inline\">\n\t\t\t<div class=\"elementor-video\"><\/div>\t\t<\/div>\n\t\t\t\t\t\t<\/div>\n\t\t\t\t<\/div>\n\t\t\t\t\t<\/div>\n\t\t<\/div>\n\t\t\t\t\t<\/div>\n\t\t<\/section>\n\t\t\t\t\t<\/div>\n\t\t<\/div>\n\t\t\t\t\t<\/div>\n\t\t<\/section>\n\t\t\t\t<\/div>\n\t\t","protected":false},"excerpt":{"rendered":"<p>Lol\u00eb Iconic Brand In 2002, Evelyn Trempe founded Lol\u00eb after identifying a deficiency in women&#8217;s technical outerwear. As we fast forward to the present day, Lol\u00eb has transformed into a worldwide brand dedicated to fostering mindfulness and promoting responsible consumption Our team played a&#8230; <\/p>\n<div><a href=\"https:\/\/neisky.ca\/?page_id=712\" class=\"btn-link\">READ MORE<\/a><\/div>\n","protected":false},"author":1,"featured_media":0,"parent":0,"menu_order":0,"comment_status":"closed","ping_status":"closed","template":"","meta":{"footnotes":""},"class_list":["post-712","page","type-page","status-publish","hentry"],"_links":{"self":[{"href":"https:\/\/neisky.ca\/index.php?rest_route=\/wp\/v2\/pages\/712","targetHints":{"allow":["GET"]}}],"collection":[{"href":"https:\/\/neisky.ca\/index.php?rest_route=\/wp\/v2\/pages"}],"about":[{"href":"https:\/\/neisky.ca\/index.php?rest_route=\/wp\/v2\/types\/page"}],"author":[{"embeddable":true,"href":"https:\/\/neisky.ca\/index.php?rest_route=\/wp\/v2\/users\/1"}],"replies":[{"embeddable":true,"href":"https:\/\/neisky.ca\/index.php?rest_route=%2Fwp%2Fv2%2Fcomments&post=712"}],"version-history":[{"count":16,"href":"https:\/\/neisky.ca\/index.php?rest_route=\/wp\/v2\/pages\/712\/revisions"}],"predecessor-version":[{"id":728,"href":"https:\/\/neisky.ca\/index.php?rest_route=\/wp\/v2\/pages\/712\/revisions\/728"}],"wp:attachment":[{"href":"https:\/\/neisky.ca\/index.php?rest_route=%2Fwp%2Fv2%2Fmedia&parent=712"}],"curies":[{"name":"wp","href":"https:\/\/api.w.org\/{rel}","templated":true}]}}