{"id":881,"date":"2024-09-30T18:43:14","date_gmt":"2024-09-30T18:43:14","guid":{"rendered":"https:\/\/neisky.ca\/?page_id=881"},"modified":"2025-08-07T04:00:12","modified_gmt":"2025-08-07T04:00:12","slug":"fr","status":"publish","type":"page","link":"http:\/\/neisky.ca\/?lang=fr","title":{"rendered":"Home (Fullscreen Slider) &#8211; Fran\u00e7ais"},"content":{"rendered":"\t\t<div data-elementor-type=\"wp-page\" data-elementor-id=\"881\" class=\"elementor elementor-881\">\n\t\t\t\t\t\t<section class=\"elementor-section elementor-top-section elementor-element elementor-element-2f1befd elementor-section-full_width elementor-section-height-default elementor-section-height-default\" data-id=\"2f1befd\" data-element_type=\"section\" data-e-type=\"section\">\n\t\t\t\t\t\t<div class=\"elementor-container elementor-column-gap-no\">\n\t\t\t\t\t<div class=\"elementor-column elementor-col-100 elementor-top-column elementor-element elementor-element-7039f82\" data-id=\"7039f82\" data-element_type=\"column\" data-e-type=\"column\">\n\t\t\t<div class=\"elementor-widget-wrap elementor-element-populated\">\n\t\t\t\t\t\t<div class=\"elementor-element elementor-element-01a9b6b elementor-widget elementor-widget-artem-hero-slider-fully\" data-id=\"01a9b6b\" data-element_type=\"widget\" data-e-type=\"widget\" data-widget_type=\"artem-hero-slider-fully.default\">\n\t\t\t\t<div class=\"elementor-widget-container\">\n\t\t\t\t\t\n\t    <!-- Slider -->\n\t    <header class=\"header-fullscreen reveal\">\n\t\t    <div class=\"slider slider-fullscreen\">\n\t\t\t    <div class=\"slider__caption swiper-container\">\n\t                <div class=\"swiper-wrapper\">\n\t                \t\t\t\t\t        \t\t\t\t        <!-- Caption -->\n\t\t\t\t        <div class=\"swiper-slide\">\n\t\t\t\t\t\t    <div class=\"slider__item\">\n\t\t\t\t\t\t\t    <div class=\"slider__wrap\">\n\t\t\t\t\t\t\t    \t\t\t\t\t\t\t\t        <h6 class=\"title title--overhead\">\n\t\t\t\t\t\t\t        \t<span class=\"down-up\">\n\t\t\t\t\t\t\t        \t\t<span >Gestion Amazon Vendor Central<\/span>\n\t\t\t\t\t\t\t        \t<\/span>\n\t\t\t\t\t\t\t        <\/h6>\n\t\t\t\t\t\t\t        \t\t\t\t\t\t\t        \t\t\t\t                    <h1 class=\"title title--display-1 js-text-wave\">\n\t\t\t\t                    \t<span >Outils Fuller <\/span>\n\t\t\t\t                    <\/h1>\n\t\t\t\t                    \t\t\t\t\t                \t\t\t\t\t                <p class=\"description\">\n\t\t\t\t\t                \t<span class=\"down-up\">\n\t\t\t\t\t                \t\t<span >G\u00e9rer le compte Amazon Vendor Central, atteindre les objectifs de vente mensuels et annuels, d\u00e9velopper et \u00e9tablir des relations avec les principales \u00e9quipes internes d'Amazon au Canada et aux \u00c9tats-Unis<\/span>\n\t\t\t\t\t                \t<\/span>\n\t\t\t\t\t                <\/p>\n\t\t\t\t\t                \t\t\t\t\t                \t\t\t\t\t\t\t    <\/div>\t\t\t\n\t\t\t\t\t\t\t<\/div>\n\t\t\t\t\t\t<\/div>\n\t\t\t\t        <!-- \/Caption -->\n\t\t\t\t\t\t\t\t\t\t        <!-- Caption -->\n\t\t\t\t        <div class=\"swiper-slide\">\n\t\t\t\t\t\t    <div class=\"slider__item\">\n\t\t\t\t\t\t\t    <div class=\"slider__wrap\">\n\t\t\t\t\t\t\t    \t\t\t\t\t\t\t\t        <h6 class=\"title title--overhead\">\n\t\t\t\t\t\t\t        \t<span class=\"down-up\">\n\t\t\t\t\t\t\t        \t\t<span >Strat\u00e9gie de vente en ligne<\/span>\n\t\t\t\t\t\t\t        \t<\/span>\n\t\t\t\t\t\t\t        <\/h6>\n\t\t\t\t\t\t\t        \t\t\t\t\t\t\t        \t\t\t\t                    <h1 class=\"title title--display-1 js-text-wave\">\n\t\t\t\t                    \t<span >Lol\u00eb Group<\/span>\n\t\t\t\t                    <\/h1>\n\t\t\t\t                    \t\t\t\t\t                \t\t\t\t\t                <p class=\"description\">\n\t\t\t\t\t                \t<span class=\"down-up\">\n\t\t\t\t\t                \t\t<span >Lancement de Lol\u00eb sur Faire et d'autres marketplaces. Int\u00e9gration avec Mirakl Connect et Shopify Plus pour g\u00e9rer le flux de commandes, les stocks des produits et le contenu<\/span>\n\t\t\t\t\t                \t<\/span>\n\t\t\t\t\t                <\/p>\n\t\t\t\t\t                \t\t\t\t\t                \t\t\t\t\t\t\t    <\/div>\t\t\t\n\t\t\t\t\t\t\t<\/div>\n\t\t\t\t\t\t<\/div>\n\t\t\t\t        <!-- \/Caption -->\n\t\t\t\t\t\t\t\t\t\t        <!-- Caption -->\n\t\t\t\t        <div class=\"swiper-slide\">\n\t\t\t\t\t\t    <div class=\"slider__item\">\n\t\t\t\t\t\t\t    <div class=\"slider__wrap\">\n\t\t\t\t\t\t\t    \t\t\t\t\t\t\t\t        <h6 class=\"title title--overhead\">\n\t\t\t\t\t\t\t        \t<span class=\"down-up\">\n\t\t\t\t\t\t\t        \t\t<span >Lancement de la marque chez Best Buy et Walmart. Strat\u00e9gie de vente directe.<\/span>\n\t\t\t\t\t\t\t        \t<\/span>\n\t\t\t\t\t\t\t        <\/h6>\n\t\t\t\t\t\t\t        \t\t\t\t\t\t\t        \t\t\t\t                    <h1 class=\"title title--display-1 js-text-wave\">\n\t\t\t\t                    \t<span >Sensei Photo<\/span>\n\t\t\t\t                    <\/h1>\n\t\t\t\t                    \t\t\t\t\t                \t\t\t\t\t                <p class=\"description\">\n\t\t\t\t\t                \t<span class=\"down-up\">\n\t\t\t\t\t                \t\t<span >Lancez et d\u00e9veloppez la marque sur Amazon, Best Buy et Walmart.\nCr\u00e9ez un nouveau site web de vente B2C et augmentez le trafic et les commandes en ligne.<\/span>\n\t\t\t\t\t                \t<\/span>\n\t\t\t\t\t                <\/p>\n\t\t\t\t\t                \t\t\t\t\t                \t\t\t\t\t\t\t    <\/div>\t\t\t\n\t\t\t\t\t\t\t<\/div>\n\t\t\t\t\t\t<\/div>\n\t\t\t\t        <!-- \/Caption -->\n\t\t\t\t\t\t\t\t\t\t        <!-- Caption -->\n\t\t\t\t        <div class=\"swiper-slide\">\n\t\t\t\t\t\t    <div class=\"slider__item\">\n\t\t\t\t\t\t\t    <div class=\"slider__wrap\">\n\t\t\t\t\t\t\t    \t\t\t\t\t\t\t\t        <h6 class=\"title title--overhead\">\n\t\t\t\t\t\t\t        \t<span class=\"down-up\">\n\t\t\t\t\t\t\t        \t\t<span >Cr\u00e9ation de site Web Shopify + Strat\u00e9gie Marketing<\/span>\n\t\t\t\t\t\t\t        \t<\/span>\n\t\t\t\t\t\t\t        <\/h6>\n\t\t\t\t\t\t\t        \t\t\t\t\t\t\t        \t\t\t\t                    <h1 class=\"title title--display-1 js-text-wave\">\n\t\t\t\t                    \t<span >Yvonne Marie<\/span>\n\t\t\t\t                    <\/h1>\n\t\t\t\t                    \t\t\t\t\t                \t\t\t\t\t                <p class=\"description\">\n\t\t\t\t\t                \t<span class=\"down-up\">\n\t\t\t\t\t                \t\t<span >Cr\u00e9ez un nouveau site web Shopify et lancez la boutique Amazon.\n\u00c9laborez et ex\u00e9cutez un plan marketing pour atteindre de nouveaux clients et d\u00e9velopper la marque<\/span>\n\t\t\t\t\t                \t<\/span>\n\t\t\t\t\t                <\/p>\n\t\t\t\t\t                \t\t\t\t\t                \t\t\t\t\t\t\t    <\/div>\t\t\t\n\t\t\t\t\t\t\t<\/div>\n\t\t\t\t\t\t<\/div>\n\t\t\t\t        <!-- \/Caption -->\n\t\t\t\t\t\t\t\t\t\t        <!-- Caption -->\n\t\t\t\t        <div class=\"swiper-slide\">\n\t\t\t\t\t\t    <div class=\"slider__item\">\n\t\t\t\t\t\t\t    <div class=\"slider__wrap\">\n\t\t\t\t\t\t\t    \t\t\t\t\t\t\t\t        <h6 class=\"title title--overhead\">\n\t\t\t\t\t\t\t        \t<span class=\"down-up\">\n\t\t\t\t\t\t\t        \t\t<span >Gestion de Amazon Vendor Central <\/span>\n\t\t\t\t\t\t\t        \t<\/span>\n\t\t\t\t\t\t\t        <\/h6>\n\t\t\t\t\t\t\t        \t\t\t\t\t\t\t        \t\t\t\t                    <h1 class=\"title title--display-1 js-text-wave\">\n\t\t\t\t                    \t<span >Johnson Level<\/span>\n\t\t\t\t                    <\/h1>\n\t\t\t\t                    \t\t\t\t\t                \t\t\t\t\t                <p class=\"description\">\n\t\t\t\t\t                \t<span class=\"down-up\">\n\t\t\t\t\t                \t\t<span >Cr\u00e9ation de pages de contenu A+, recherche de mots cl\u00e9s pour bien comprendre comment les clients trouvent nos produits et gestion de campagnes marketing - PPC.<\/span>\n\t\t\t\t\t                \t<\/span>\n\t\t\t\t\t                <\/p>\n\t\t\t\t\t                \t\t\t\t\t                \t\t\t\t\t\t\t    <\/div>\t\t\t\n\t\t\t\t\t\t\t<\/div>\n\t\t\t\t\t\t<\/div>\n\t\t\t\t        <!-- \/Caption -->\n\t\t\t\t\t\t\t\t\t\t        \t\t\t        <\/div>\n\t\t\t\t<\/div>\t\t\n\t\t\t\n\t\t\t    <div class=\"slider__image swiper-container overlay--45\" data-swiper-delay=\"5000\" data-swiper-autoplay=\"1\">\n\t                <div class=\"swiper-wrapper\">\n\t                \t\t\t\t\t        \t\t\t\t        <!-- Image -->\n\t\t\t\t        <div class=\"swiper-slide\">\n\t\t\t\t\t\t\t<div class=\"cover-slider lazyload\" data-bg=\"https:\/\/neisky.ca\/wp-content\/uploads\/2022\/03\/fuller-tool-neisky-e-commerce-expert-marketing-canada-04-1920x1280.jpg\"><\/div>\n\t\t\t\t\t\t<\/div>\n\t\t\t\t        <!-- \/Image -->\n\t\t\t\t        \t\t\t\t        \t\t\t\t        <!-- Image -->\n\t\t\t\t        <div class=\"swiper-slide\">\n\t\t\t\t\t\t\t<div class=\"cover-slider lazyload\" data-bg=\"https:\/\/neisky.ca\/wp-content\/uploads\/2022\/03\/marketplace-manager.jpg\"><\/div>\n\t\t\t\t\t\t<\/div>\n\t\t\t\t        <!-- \/Image -->\n\t\t\t\t        \t\t\t\t        \t\t\t\t        <!-- Image -->\n\t\t\t\t        <div class=\"swiper-slide\">\n\t\t\t\t\t\t\t<div class=\"cover-slider lazyload\" data-bg=\"https:\/\/neisky.ca\/wp-content\/uploads\/2022\/03\/senseiphoto-fluid6-3axis-gimbal-smartphone-video-stabilizer-sensei-photo-03-1920x1152.jpg\"><\/div>\n\t\t\t\t\t\t<\/div>\n\t\t\t\t        <!-- \/Image -->\n\t\t\t\t        \t\t\t\t        \t\t\t\t        <!-- Image -->\n\t\t\t\t        <div class=\"swiper-slide\">\n\t\t\t\t\t\t\t<div class=\"cover-slider lazyload\" data-bg=\"https:\/\/neisky.ca\/wp-content\/uploads\/2022\/03\/yvonne-marie-style-secondary-banner-april-2021-copy-1920x1152.jpg\"><\/div>\n\t\t\t\t\t\t<\/div>\n\t\t\t\t        <!-- \/Image -->\n\t\t\t\t        \t\t\t\t        \t\t\t\t        <!-- Image -->\n\t\t\t\t        <div class=\"swiper-slide\">\n\t\t\t\t\t\t\t<div class=\"cover-slider lazyload\" data-bg=\"https:\/\/neisky.ca\/wp-content\/uploads\/2022\/03\/fuller-tool-neisky-e-commerce-expert-marketing-canada-02-1920x1275.jpg\"><\/div>\n\t\t\t\t\t\t<\/div>\n\t\t\t\t        <!-- \/Image -->\n\t\t\t\t        \t\t\t\t        \t\t\t\t        \t\t\t        <\/div>\n\t\t\t\t<\/div>\n\n\t\t\t    <!-- Control -->\n\t\t\t\t<div class=\"control-slider control-slider--vertical swiper-control\">\n\t\t\t\t    <div><\/div>\n\t\t\t\t\t<div class=\"swiper-pagination swiper-pagination--white\"><\/div>\n\t\t\t\t\t<div>\n\t\t\t\t\t    <div class=\"swiper-button-next zoom-cursor\">\n\t\t\t\t\t\t    <svg class=\"slider-nav slider-nav--progress\" viewBox=\"0 0 46 46\">\n\t\t\t\t\t\t\t\t<g class=\"slider-nav__path-progress slider-nav__path-progress--white\">\n\t                                <path d=\"M0.5,23a22.5,22.5 0 1,0 45,0a22.5,22.5 0 1,0 -45,0\" \/>\n\t                            <\/g>\n\t                        <\/svg>\n\t                        <svg class=\"slider-nav slider-nav\" viewBox=\"0 0 46 46\">\n\t                            <circle class=\"slider-nav__path--white\" cx=\"23\" cy=\"23\" r=\"22.5\"\/>\n\t                            <path class=\"slider-nav__arrow--white\" d=\"M26.45 22.45l-4.91-4.91a.7707464.7707464 0 0 0-1.09 1.09L24.82 23l-4.36 4.36a.7707464.7707464 0 0 0 1.09 1.09l4.91-4.91a.77.77 0 0 0-.01-1.09z\"\/>\n\t                        <\/svg>\n\t\t\t\t\t\t<\/div>\n\t\t\t\t\t    <div class=\"swiper-button-prev zoom-cursor\">\n\t                        <svg class=\"slider-nav slider-nav\" viewBox=\"0 0 46 46\">\n\t                            <circle class=\"slider-nav__path--white\" cx=\"23\" cy=\"23\" r=\"22.5\"\/>\n\t                            <path class=\"slider-nav__arrow--white\" d=\"M18.5 23.55l4.91 4.91a.7707464.7707464 0 1 0 1.09-1.09L20.14 23l4.36-4.36a.7707464.7707464 0 0 0-1.09-1.09l-4.91 4.9a.77.77 0 0 0 0 1.1z\"\/>\n\t                        <\/svg>\n\t\t\t\t\t\t<\/div>\n\t\t\t\t\t<\/div>\n\t\t\t\t<\/div>\n\t\t\t\t<!-- \/Control -->\n\t\t\t<\/div>\n\t    <\/header>\n\t    <!-- \/Slider -->\n\n\t\t\t\t\t\t<\/div>\n\t\t\t\t<\/div>\n\t\t\t\t\t<\/div>\n\t\t<\/div>\n\t\t\t\t\t<\/div>\n\t\t<\/section>\n\t\t\t\t<\/div>\n\t\t","protected":false},"excerpt":{"rendered":"<p>Gestion Amazon Vendor Central Outils Fuller G\u00e9rer le compte Amazon Vendor Central, atteindre les objectifs de vente mensuels et annuels, d\u00e9velopper et \u00e9tablir des relations avec les principales \u00e9quipes internes d&#8217;Amazon au Canada et aux \u00c9tats-Unis Strat\u00e9gie de vente en ligne Lol\u00eb Group Lancement&#8230; <\/p>\n<div><a href=\"https:\/\/neisky.ca\/?lang=fr\" class=\"btn-link\">READ MORE<\/a><\/div>\n","protected":false},"author":1,"featured_media":0,"parent":0,"menu_order":0,"comment_status":"closed","ping_status":"closed","template":"elementor_header_footer","meta":{"footnotes":""},"class_list":["post-881","page","type-page","status-publish","hentry"],"_links":{"self":[{"href":"https:\/\/neisky.ca\/index.php?rest_route=\/wp\/v2\/pages\/881","targetHints":{"allow":["GET"]}}],"collection":[{"href":"https:\/\/neisky.ca\/index.php?rest_route=\/wp\/v2\/pages"}],"about":[{"href":"https:\/\/neisky.ca\/index.php?rest_route=\/wp\/v2\/types\/page"}],"author":[{"embeddable":true,"href":"https:\/\/neisky.ca\/index.php?rest_route=\/wp\/v2\/users\/1"}],"replies":[{"embeddable":true,"href":"https:\/\/neisky.ca\/index.php?rest_route=%2Fwp%2Fv2%2Fcomments&post=881"}],"version-history":[{"count":40,"href":"https:\/\/neisky.ca\/index.php?rest_route=\/wp\/v2\/pages\/881\/revisions"}],"predecessor-version":[{"id":1511,"href":"https:\/\/neisky.ca\/index.php?rest_route=\/wp\/v2\/pages\/881\/revisions\/1511"}],"wp:attachment":[{"href":"https:\/\/neisky.ca\/index.php?rest_route=%2Fwp%2Fv2%2Fmedia&parent=881"}],"curies":[{"name":"wp","href":"https:\/\/api.w.org\/{rel}","templated":true}]}}